{"id":54,"date":"2023-06-30T12:08:28","date_gmt":"2023-06-30T12:08:28","guid":{"rendered":"https:\/\/parafiarzepiennik.pl\/?page_id=54"},"modified":"2024-01-01T15:45:45","modified_gmt":"2024-01-01T15:45:45","slug":"kontakt","status":"publish","type":"page","link":"https:\/\/parafiarzepiennik.pl\/?page_id=54","title":{"rendered":"Kontakt"},"content":{"rendered":"\n<p><strong>Parafia pw. Wniebowzi\u0119cia NMP w Rzepienniku Biskupim<\/strong><\/p>\n\n\n\n<p>Rzepiennik Biskupi 274,<br>33-163 Rzepiennik Strzy\u017cewski<\/p>\n\n\n\n<p><strong>tel.<\/strong> +48 14 653-00-64<br><strong>e-mail:<\/strong> rzepiennik_biskupi@diecezja.tarnow.pl<br><\/p>\n\n\n\n<p>Wszystkich, kt\u00f3rzy chc\u0105 wspom\u00f3c materialnie ratowanie zabytk\u00f3w w naszych ko\u015bcio\u0142ach informujemy, i\u017c swoje ofiary mog\u0105 wp\u0142aca\u0107 na konto:<\/p>\n\n\n\n<p>BSR Krak\u00f3w O\/Rzepiennik St.<br>Nr. R-KU 61 85890006 0120 0000 0882 0001<br>PARAFIA RZYMSKOKATOLICKA PW. WNIEBOWZI\u0118CIA NMP<br>w Rzepienniku Biskupim<\/p>\n\n\n\n<p>lub na konto pomocnicze<\/p>\n\n\n\n<p>BSR Krak\u00f3w O\/Rzepiennik St.<br>Nr. R-KU 51 85890006 0120 0280 0882 0005<br>PARAFIA RZYMSKOKATOLICKA PW. WNIEBOWZI\u0118CIA NMP<br>w Rzepienniku Biskupim<\/p>\n\n\n\n<p><strong>SERDECZNIE DZI\u0118KUJEMY !<\/strong><\/p>\n","protected":false},"excerpt":{"rendered":"<p>Parafia pw. Wniebowzi\u0119cia NMP w Rzepienniku Biskupim Rzepiennik Biskupi 274,33-163 Rzepiennik Strzy\u017cewski tel. +48 14 653-00-64e-mail: rzepiennik_biskupi@diecezja.tarnow.pl [&hellip;]<\/p>\n","protected":false},"author":1,"featured_media":0,"parent":0,"menu_order":0,"comment_status":"closed","ping_status":"closed","template":"","meta":{"ngg_post_thumbnail":0},"_links":{"self":[{"href":"https:\/\/parafiarzepiennik.pl\/index.php?rest_route=\/wp\/v2\/pages\/54"}],"collection":[{"href":"https:\/\/parafiarzepiennik.pl\/index.php?rest_route=\/wp\/v2\/pages"}],"about":[{"href":"https:\/\/parafiarzepiennik.pl\/index.php?rest_route=\/wp\/v2\/types\/page"}],"author":[{"embeddable":true,"href":"https:\/\/parafiarzepiennik.pl\/index.php?rest_route=\/wp\/v2\/users\/1"}],"replies":[{"embeddable":true,"href":"https:\/\/parafiarzepiennik.pl\/index.php?rest_route=%2Fwp%2Fv2%2Fcomments&post=54"}],"version-history":[{"count":7,"href":"https:\/\/parafiarzepiennik.pl\/index.php?rest_route=\/wp\/v2\/pages\/54\/revisions"}],"predecessor-version":[{"id":2508,"href":"https:\/\/parafiarzepiennik.pl\/index.php?rest_route=\/wp\/v2\/pages\/54\/revisions\/2508"}],"wp:attachment":[{"href":"https:\/\/parafiarzepiennik.pl\/index.php?rest_route=%2Fwp%2Fv2%2Fmedia&parent=54"}],"curies":[{"name":"wp","href":"https:\/\/api.w.org\/{rel}","templated":true}]}}