{"id":1963,"date":"2023-11-05T12:28:44","date_gmt":"2023-11-05T12:28:44","guid":{"rendered":"https:\/\/parafiarzepiennik.pl\/?page_id=1963"},"modified":"2026-02-20T19:43:25","modified_gmt":"2026-02-20T19:43:25","slug":"zapowiedzi-2","status":"publish","type":"page","link":"https:\/\/parafiarzepiennik.pl\/?page_id=1963","title":{"rendered":"Zapowiedzi 2026"},"content":{"rendered":"\n<p><strong>ZWI\u0104ZEK MA\u0141\u017bE\u0143SKI MAJ\u0104 ZAMIAR ZAWRZE\u0106 NAST\u0118PUJ\u0104CE OSOBY:<\/strong><\/p>\n\n\n\n<figure class=\"wp-block-table\"><table><tbody><tr><th>Data umieszczenia<\/th><td><em>Narzeczony<\/em><\/td><td><em>Narzeczona<\/em><\/td><\/tr><tr><th>05.02.2026<\/th><td><strong>Grzegorz<\/strong> <strong>Wojtanowski<\/strong>                        zam. Rzepiennik   Biskupi       <\/td><td><strong>Karolina Jasi\u0144ska<\/strong>                                                      zam. Rzepiennik  Biskupi                                      <\/td><\/tr><tr><th>20.02.2026<\/th><td><strong>Pawe\u0142 Szczypek<\/strong>                         zam. Krak\u00f3w                        <\/td><td><strong>Paulina Szewczyk<\/strong>                                               zam. Rzepiennik  Strzy\u017cewski    <\/td><\/tr><tr><th>21.02.2026<\/th><td><strong>Piotr Pole   <\/strong>                                      zam. Rzepiennik Biskupi   <\/td><td><strong>Magdalena Karpi\u0144ska<\/strong>                                                       zam. Rzepiennik  Biskupi <\/td><\/tr><tr><th><\/th><td><\/td><td><\/td><\/tr><tr><th><\/th><td><\/td><td><\/td><\/tr><tr><th><\/th><td><\/td><td><\/td><\/tr><tr><th> <\/th><td><\/td><td><\/td><\/tr><tr><th><\/th><td><\/td><td><\/td><\/tr><tr><th><\/th><td><\/td><td><\/td><\/tr><tr><th><\/th><td><\/td><td><\/td><\/tr><tr><th><\/th><td><\/td><td><\/td><\/tr><tr><th><\/th><td><\/td><td><\/td><\/tr><tr><th><\/th><td><\/td><td><\/td><\/tr><tr><th><\/th><td><\/td><td><\/td><\/tr><tr><th><\/th><td><\/td><td><\/td><\/tr><tr><th><\/th><td><\/td><td><\/td><\/tr><tr><th>\u00a0<\/th><td><\/td><td>\u00a0<\/td><\/tr><tr><th>&nbsp;<\/th><td>&nbsp;<\/td><td>&nbsp;<\/td><\/tr><tr><th>&nbsp;<\/th><td>&nbsp;<\/td><td>&nbsp;<\/td><\/tr><tr><th>&nbsp;<\/th><td>&nbsp;<\/td><td>&nbsp;<\/td><\/tr><tr><th>&nbsp;<\/th><td>&nbsp;<\/td><td>&nbsp;<\/td><\/tr><tr><th>&nbsp;<\/th><td>&nbsp;<\/td><td>&nbsp;<\/td><\/tr><tr><th>&nbsp;<\/th><td>&nbsp;<\/td><td>&nbsp;<\/td><\/tr><tr><th>&nbsp;<\/th><td>&nbsp;<\/td><td>&nbsp;<\/td><\/tr><tr><th>&nbsp;<\/th><td>&nbsp;<\/td><td>&nbsp;<\/td><\/tr><\/tbody><\/table><figcaption class=\"wp-element-caption\">*Administrator danych osobowych informuje, \u017ce dane osobowe dotycz\u0105ce zapowiedzi przed\u015blubnych zawarte na stronie Parafii pw. Wniebowzi\u0119cia w Rzepienniku Biskupim umieszczone zosta\u0142y za zgod\u0105 os\u00f3b, kt\u00f3rych dane dotycz\u0105.<\/figcaption><\/figure>\n","protected":false},"excerpt":{"rendered":"<p>ZWI\u0104ZEK MA\u0141\u017bE\u0143SKI MAJ\u0104 ZAMIAR ZAWRZE\u0106 NAST\u0118PUJ\u0104CE OSOBY: Data umieszczenia Narzeczony Narzeczona 05.02.2026 Grzegorz Wojtanowski zam. Rzepiennik Biskupi [&hellip;]<\/p>\n","protected":false},"author":1,"featured_media":0,"parent":0,"menu_order":0,"comment_status":"closed","ping_status":"closed","template":"","meta":{"ngg_post_thumbnail":0},"_links":{"self":[{"href":"https:\/\/parafiarzepiennik.pl\/index.php?rest_route=\/wp\/v2\/pages\/1963"}],"collection":[{"href":"https:\/\/parafiarzepiennik.pl\/index.php?rest_route=\/wp\/v2\/pages"}],"about":[{"href":"https:\/\/parafiarzepiennik.pl\/index.php?rest_route=\/wp\/v2\/types\/page"}],"author":[{"embeddable":true,"href":"https:\/\/parafiarzepiennik.pl\/index.php?rest_route=\/wp\/v2\/users\/1"}],"replies":[{"embeddable":true,"href":"https:\/\/parafiarzepiennik.pl\/index.php?rest_route=%2Fwp%2Fv2%2Fcomments&post=1963"}],"version-history":[{"count":42,"href":"https:\/\/parafiarzepiennik.pl\/index.php?rest_route=\/wp\/v2\/pages\/1963\/revisions"}],"predecessor-version":[{"id":4398,"href":"https:\/\/parafiarzepiennik.pl\/index.php?rest_route=\/wp\/v2\/pages\/1963\/revisions\/4398"}],"wp:attachment":[{"href":"https:\/\/parafiarzepiennik.pl\/index.php?rest_route=%2Fwp%2Fv2%2Fmedia&parent=1963"}],"curies":[{"name":"wp","href":"https:\/\/api.w.org\/{rel}","templated":true}]}}