{"id":1959,"date":"2023-11-05T12:11:01","date_gmt":"2023-11-05T12:11:01","guid":{"rendered":"https:\/\/parafiarzepiennik.pl\/?page_id=1959"},"modified":"2023-11-05T12:13:38","modified_gmt":"2023-11-05T12:13:38","slug":"dobre-strony","status":"publish","type":"page","link":"https:\/\/parafiarzepiennik.pl\/?page_id=1959","title":{"rendered":"Dobre strony"},"content":{"rendered":"\n<p class=\"has-text-align-center\"><strong>Warto zobaczy\u0107<\/strong><\/p>\n\n\n\n<div class=\"wp-block-group is-layout-constrained\"><div class=\"wp-block-group__inner-container\">\n<figure class=\"wp-block-table\"><table><tbody><tr><td class=\"has-text-align-left\" data-align=\"left\"><strong>Portale i katalogi<\/strong><\/td><\/tr><tr><td class=\"has-text-align-left\" data-align=\"left\"><a href=\"http:\/\/www.opoka.org.pl\" target=\"_blank\" rel=\"noreferrer noopener\">www.opoka.org.pl<\/a> &#8211; &#8222;Opoka&#8221; &#8211; laboratorium wiary i kultury<\/td><\/tr><tr><td class=\"has-text-align-left\" data-align=\"left\"><a href=\"http:\/\/katolik.pl\" target=\"_blank\" rel=\"noreferrer noopener\">katolik.pl<\/a> &#8211; serwis wierz\u0105cych, w\u0105tpi\u0105cych i poszukuj\u0105cych<\/td><\/tr><tr><td class=\"has-text-align-left\" data-align=\"left\"><a href=\"http:\/\/www.amen.pl\" target=\"_blank\" rel=\"noreferrer noopener\">www.amen.pl<\/a> &#8211; zasoby internetowe ks. W. Mroza<\/td><\/tr><tr><td class=\"has-text-align-left\" data-align=\"left\"><a href=\"http:\/\/www.mateusz.pl\" target=\"_blank\" rel=\"noreferrer noopener\">www.mateusz.pl<\/a> &#8211; chrze\u015bcija\u0144ski portal internetowy &#8222;Mateusz&#8221;<\/td><\/tr><tr><td class=\"has-text-align-left\" data-align=\"left\"><a href=\"http:\/\/www.wiara.pl\" target=\"_blank\" rel=\"noreferrer noopener\">www.wiara.pl<\/a> &#8211; serwis religijny &#8222;Wiara&#8221;<\/td><\/tr><tr><td class=\"has-text-align-left\" data-align=\"left\"><a href=\"http:\/\/www.catholic.net\" target=\"_blank\" rel=\"noreferrer noopener\">www.catholic.net<\/a> &#8211; centrum informacji katolickiej (w j\u0119z. angielskim)<\/td><\/tr><tr><td class=\"has-text-align-left\" data-align=\"left\"><a href=\"http:\/\/www.Jezus.pl\" target=\"_blank\" rel=\"noreferrer noopener\">www.Jezus.pl<\/a> &#8211; chrze\u015bcija\u0144ski portal internetowy<\/td><\/tr><tr><td class=\"has-text-align-left\" data-align=\"left\"><a href=\"http:\/\/www.JuT.opoka.net.pl\" target=\"_blank\" rel=\"noreferrer noopener\">www.JuT.opoka.net.pl<\/a> &#8211; portal formacyjny &#8222;Jezu, ufam Tobie!&#8221;<\/td><\/tr><tr><td class=\"has-text-align-left\" data-align=\"left\"><a href=\"http:\/\/www.bosko.pl\" target=\"_blank\" rel=\"noreferrer noopener\">www.bosko.pl<\/a> &#8211; Serwis M\u0142odzie\u017cowy<\/td><\/tr><tr><td class=\"has-text-align-left\" data-align=\"left\"><a href=\"http:\/\/www.adonai.pl\" target=\"_blank\" rel=\"noreferrer noopener\">www.adonai.pl<\/a> &#8211; Pomoc Duchowa<\/td><\/tr><tr><td class=\"has-text-align-left\" data-align=\"left\">Media i czasopisma katolickie<\/td><\/tr><tr><td class=\"has-text-align-left\" data-align=\"left\"><a href=\"http:\/\/www.niedziela.pl\" target=\"_blank\" rel=\"noreferrer noopener\">www.niedziela.pl<\/a> &#8211; Tygodnik Katoliki &#8222;Niedziela&#8221;<\/td><\/tr><tr><td class=\"has-text-align-left\" data-align=\"left\"><a href=\"http:\/\/www.goscniedzielny.pl\" target=\"_blank\" rel=\"noreferrer noopener\">www.goscniedzielny.pl<\/a> &#8211; Tygodnik Katolicki &#8222;Go\u015b\u0107 Niedzielny&#8221;<\/td><\/tr><tr><td class=\"has-text-align-left\" data-align=\"left\"><a href=\"http:\/\/www.tygodnik.com.pl\" target=\"_blank\" rel=\"noreferrer noopener\">www.tygodnik.com.pl<\/a> &#8211; Tygodnik Powszechny<\/td><\/tr><tr><td class=\"has-text-align-left\" data-align=\"left\"><a href=\"http:\/\/www.tn.com.pl\" target=\"_blank\" rel=\"noreferrer noopener\">www.tn2.com.pl<\/a> &#8211; Telewizja Niepokalan\u00f3w II<\/td><\/tr><tr><td class=\"has-text-align-left\" data-align=\"left\"><a href=\"http:\/\/www.rjg.pl\" target=\"_blank\" rel=\"noreferrer noopener\">www.rjg.pl<\/a> &#8211; Radio &#8222;Jasna G\u00f3ra&#8221;<\/td><\/tr><tr><td class=\"has-text-align-left\" data-align=\"left\"><a href=\"http:\/\/www.tchr.org.\/milujcie\" target=\"_blank\" rel=\"noreferrer noopener\">www.tchr.org.\/milujcie<\/a> &#8211; Dwumiesi\u0119cznik Spo\u0142ecznej Krucjaty Mi\u0142o\u015bci<\/td><\/tr><tr><td class=\"has-text-align-left\" data-align=\"left\"><a href=\"http:\/\/www.mateusz.pl\/wdrodze\" target=\"_blank\" rel=\"noreferrer noopener\">www.mateusz.pl\/wdrodze<\/a> &#8211; miesi\u0119cznik o \u017cyciu chrze\u015bcija\u0144skim<\/td><\/tr><tr><td class=\"has-text-align-left\" data-align=\"left\"><a href=\"http:\/\/www.zrodlo.krakow.pl\" target=\"_blank\" rel=\"noreferrer noopener\">www.zrodlo.krakow.pl<\/a> &#8211; Tygodnik rodzin katolickich &#8222;\u0179r\u00f3d\u0142o&#8221;<\/td><\/tr><tr><td class=\"has-text-align-left\" data-align=\"left\"><a href=\"http:\/\/www.pk.poznan.pl\" target=\"_blank\" rel=\"noreferrer noopener\">www.pk.poznan.pl<\/a> &#8211; Tygodnik dla rodzin &#8222;Przewodnik Katolicki&#8221;<\/td><\/tr><tr><td class=\"has-text-align-left\" data-align=\"left\"><a href=\"http:\/\/www.nasza-arka.pl\" target=\"_blank\" rel=\"noreferrer noopener\">www.nasza-arka.pl<\/a> &#8211; Miesi\u0119cznik rodzin katolickich &#8222;Nasza Arka&#8221;<\/td><\/tr><tr><td class=\"has-text-align-left\" data-align=\"left\"><a href=\"http:\/\/www.wychowawca.pl\" target=\"_blank\" rel=\"noreferrer noopener\">www.wychowawca.pl<\/a> &#8211; Miesi\u0119cznik nauczycieli i wychowawc\u00f3w katolickich<\/td><\/tr><tr><td class=\"has-text-align-left\" data-align=\"left\"><a href=\"http:\/\/www.droga.com.pl\" target=\"_blank\" rel=\"noreferrer noopener\">www.droga.com.pl<\/a> &#8211; Tygodnik M\u0142odzie\u017cy Katolickiej &#8222;Droga&#8221;<\/td><\/tr><tr><td class=\"has-text-align-left\" data-align=\"left\"><a href=\"http:\/\/www.naszdziennik.pl\" target=\"_blank\" rel=\"noreferrer noopener\">www.naszdziennik.pl<\/a> &#8211; Nasz Dziennik<\/td><\/tr><tr><td class=\"has-text-align-left\" data-align=\"left\"><a href=\"http:\/\/e.kai.pl\" target=\"_blank\" rel=\"noreferrer noopener\">e.kai.pl<\/a> &#8211; Serwis Internetowy KAI<\/td><\/tr><tr><td class=\"has-text-align-left\" data-align=\"left\">Ksi\u0119garnie i sklepy internetowe<\/td><\/tr><tr><td class=\"has-text-align-left\" data-align=\"left\"><a href=\"http:\/\/wydawnictwowam.pl\" target=\"_blank\" rel=\"noreferrer noopener\">wydawnictwowam.pl<\/a> &#8211; WAM &#8211; wydawnictwo oo. Jezuit\u00f3w<\/td><\/tr><tr><td class=\"has-text-align-left\" data-align=\"left\"><a href=\"http:\/\/www.kmt.pl\" target=\"_blank\" rel=\"noreferrer noopener\">www.kmt.pl<\/a> &#8211; Ksi\u0119garnia Mateusza<\/td><\/tr><tr><td class=\"has-text-align-left\" data-align=\"left\"><a href=\"http:\/\/ksiegarnia.niedziela.pl\" target=\"_blank\" rel=\"noreferrer noopener\">ksiegarnia.niedziela.pl<\/a> &#8211; Ksi\u0119garnia Tygodnika Katolickiego Niedziela<\/td><\/tr><tr><td class=\"has-text-align-left\" data-align=\"left\"><a href=\"http:\/\/www.paulus.pl\/ksiegarnia\" target=\"_blank\" rel=\"noreferrer noopener\">www.paulus.pl\/ksiegarnia<\/a> &#8211; Ksi\u0119garnia Edycji \u015awi\u0119tego Paw\u0142a<\/td><\/tr><tr><td class=\"has-text-align-left\" data-align=\"left\"><a href=\"http:\/\/www.paganini.com.pl\" target=\"_blank\" rel=\"noreferrer noopener\">www.paganini.com.pl<\/a> &#8211; Du\u017co p\u0142yt z muzyk\u0105 chrze\u015bcija\u0144sk\u0105<\/td><\/tr><tr><td class=\"has-text-align-left\" data-align=\"left\"><a href=\"http:\/\/www.vocatio.com.pl\" target=\"_blank\" rel=\"noreferrer noopener\">www.vocatio.com.pl<\/a> &#8211; Oficyna Wydawnicza &#8222;Vocatio&#8221;<\/td><\/tr><tr><td class=\"has-text-align-left\" data-align=\"left\">Instytucje, organizacje, stowarzyszenia i wsp\u00f3lnoty<\/td><\/tr><tr><td class=\"has-text-align-left\" data-align=\"left\"><a href=\"file:\/\/\/C|\/Documents and Settings\/Administrator\/Ulubione\/Oficjalna strona Diecezji Tarnowskiej - strona g\u0142\u00f3wna.url\">Oficjalna strona Diecezji Tarnowskiej &#8211; strona g\u0142\u00f3wna<\/a><\/td><\/tr><tr><td class=\"has-text-align-left\" data-align=\"left\"><a href=\"http:\/\/www.vatican.va\" target=\"_blank\" rel=\"noreferrer noopener\">www.vatican.va<\/a> &#8211; Strona Stolicy Apostolskiej<\/td><\/tr><tr><td class=\"has-text-align-left\" data-align=\"left\"><a href=\"http:\/\/www.episkopat.pl\" target=\"_blank\" rel=\"noreferrer noopener\">www.episkopat.pl<\/a> &#8211; Konferencja Episkopatu Polski<\/td><\/tr><tr><td class=\"has-text-align-left\" data-align=\"left\"><a href=\"http:\/\/www.ak.org.pl\" target=\"_blank\" rel=\"noreferrer noopener\">www.ak.org.pl<\/a> &#8211; Akcja Katolicka w Polsce<\/td><\/tr><tr><td class=\"has-text-align-left\" data-align=\"left\"><a href=\"http:\/\/www.life.net.pl\" target=\"_blank\" rel=\"noreferrer noopener\">www.life.net.pl<\/a> &#8211; Polskie Stowarzyszenie Obro\u0144c\u00f3w \u017bycia Cz\u0142owieka<\/td><\/tr><tr><td class=\"has-text-align-left\" data-align=\"left\"><a href=\"http:\/\/www.caritas.pl\" target=\"_blank\" rel=\"noreferrer noopener\">www.caritas.pl<\/a> &#8211; Caritas Polska<\/td><\/tr><tr><td class=\"has-text-align-left\" data-align=\"left\"><a href=\"http:\/\/www.odnowa.opoka.net.pl\" target=\"_blank\" rel=\"noreferrer noopener\">www.odnowa.opoka.net.pl<\/a> &#8211; Odnowa w Duchu \u015awi\u0119tym<\/td><\/tr><tr><td class=\"has-text-align-left\" data-align=\"left\"><a href=\"http:\/\/www.oaza.org.pl\" target=\"_blank\" rel=\"noreferrer noopener\">www.oaza.org.pl<\/a> &#8211; Ruch \u015awiat\u0142o &#8211; \u017bycie<\/td><\/tr><tr><td class=\"has-text-align-left\" data-align=\"left\"><a href=\"http:\/\/www.mamre.niedziela.pl\" target=\"_blank\" rel=\"noreferrer noopener\">www.mamre.niedziela.pl<\/a> &#8211; Wsp\u00f3lnota Przymierza Rodzin &#8222;Mamre&#8221;<\/td><\/tr><tr><td class=\"has-text-align-left\" data-align=\"left\">Sanktuaria, miejsca kultu i parafie<\/td><\/tr><tr><td class=\"has-text-align-left\" data-align=\"left\"><a href=\"http:\/\/www.jasnagora.pl\" target=\"_blank\" rel=\"noreferrer noopener\">www.jasnagora.pl<\/a> &#8211; Jasna G\u00f3ra &#8211; Sanktuarium MB Cz\u0119stochowskiej<\/td><\/tr><tr><td class=\"has-text-align-left\" data-align=\"left\"><a href=\"http:\/\/www.lichen.pl\" target=\"_blank\" rel=\"noreferrer noopener\">www.lichen.pl<\/a> &#8211; Sank. MB Bolesnej Kr\u00f3lowej Polski w Licheniu Starym<\/td><\/tr><tr><td class=\"has-text-align-left\" data-align=\"left\"><a href=\"http:\/\/www.gietrzwald.at.pl\" target=\"_blank\" rel=\"noreferrer noopener\">www.gietrzwald.at.pl<\/a> &#8211; Santkuarium Maryjne w Gietrzwa\u0142dzie<\/td><\/tr><tr><td class=\"has-text-align-left\" data-align=\"left\"><a href=\"http:\/\/www.niepokalanow.pl\" target=\"_blank\" rel=\"noreferrer noopener\">www.niepokalanow.pl<\/a> &#8211; Klasztor oo. Franciszkan\u00f3w w Niepokalanowie<\/td><\/tr><tr><td class=\"has-text-align-left\" data-align=\"left\"><a href=\"http:\/\/www.salwatorianie.pl\/parafie\" target=\"_blank\" rel=\"noreferrer noopener\">www.salwatorianie.pl\/parafie<\/a> &#8211; najwi\u0119ksza baza link\u00f3w do stron parafii<\/td><\/tr><tr><td class=\"has-text-align-left\" data-align=\"left\"><a href=\"http:\/\/www.milosierdzie.pl\" target=\"_blank\" rel=\"noreferrer noopener\">www.milosierdzie.pl<\/a> &#8211; Sank. Bo\u017cego Mi\u0142osierdzia w \u0141agiewnikach<\/td><\/tr><tr><td class=\"has-text-align-left\" data-align=\"left\"><a href=\"http:\/\/www.mbludzm.pl\" target=\"_blank\" rel=\"noreferrer noopener\">www.mbludzm.pl<\/a> &#8211; Sank. MB Kr\u00f3lowej Podhala w Lud\u017amierzu<\/td><\/tr><tr><td class=\"has-text-align-left\" data-align=\"left\"><a href=\"http:\/\/www.kalwaria.ofm.pl\" target=\"_blank\" rel=\"noreferrer noopener\">www.kalwaria.ofm.pl<\/a> &#8211; Sank. Pasyjno-Maryjne w Kalwarii Zebrzydowskiej<\/td><\/tr><tr><td class=\"has-text-align-left\" data-align=\"left\"><a href=\"http:\/\/www.taize.fr\/pl\" target=\"_blank\" rel=\"noreferrer noopener\">www.taize.fr\/pl<\/a> &#8211; Wsp\u00f3lnota z Taiz\u00e9<\/td><\/tr><tr><td class=\"has-text-align-left\" data-align=\"left\">Inne ciekawe strony o tematyce religijnej<\/td><\/tr><tr><td class=\"has-text-align-left\" data-align=\"left\"><a href=\"http:\/\/www.biblia.pl\" target=\"_blank\" rel=\"noreferrer noopener\">www.biblia.pl<\/a> &#8211; Biblia Tysi\u0105clecia<\/td><\/tr><tr><td class=\"has-text-align-left\" data-align=\"left\"><a href=\"http:\/\/www.kul.lublin.pl\" target=\"_blank\" rel=\"noreferrer noopener\">www.kul.lublin.pl<\/a> &#8211; Katolicki Uniwersytet Lubelski<\/td><\/tr><tr><td class=\"has-text-align-left\" data-align=\"left\"><a href=\"http:\/\/www.swprymas.prv.pl\" target=\"_blank\" rel=\"noreferrer noopener\">www.swprymas.prv.pl<\/a> &#8211; strona o Stefanie Kard. Wyszy\u0144skim<\/td><\/tr><tr><td class=\"has-text-align-left\" data-align=\"left\"><a href=\"http:\/\/www.nonpossumus.pl\" target=\"_blank\" rel=\"noreferrer noopener\">www.nonpossumus.pl<\/a> &#8211; nauczanie Ks. Prymasa Stefana Wyszy\u0144skiego<\/td><\/tr><tr><td class=\"has-text-align-left\" data-align=\"left\"><a href=\"http:\/\/www.kdm.pl\" target=\"_blank\" rel=\"noreferrer noopener\">www.kdm.pl<\/a> &#8211; Klub Dobrej Muzyki<\/td><\/tr><tr><td class=\"has-text-align-left\" data-align=\"left\"><a href=\"http:\/\/www.salwatorianie.pl\/spowiedz\" target=\"_blank\" rel=\"noreferrer noopener\">www.salwatorianie.pl\/spowiedz<\/a> &#8211; Wszystko o spowiedzi<\/td><\/tr><tr><td class=\"has-text-align-left\" data-align=\"left\"><a href=\"http:\/\/www.msza.tchr.org\">http:\/\/www.msza.tchr.org<\/a> &#8211; Miesi\u0119cznik &#8222;MSZA \u015aWI\u0118TA&#8221;<\/td><\/tr><tr><td class=\"has-text-align-left\" data-align=\"left\"><a href=\"http:\/\/www.hlondianum.pl\">http:\/\/www.hlondianum.pl<\/a> &#8211; Wydawnictwo HLONDIANUM<\/td><\/tr><tr><td class=\"has-text-align-left\" data-align=\"left\"><a href=\"http:\/\/chrystusowcy.pl\">http:\/\/chrystusowcy.pl<\/a>Towarzystwo Chrystusowe dla Polonii Zagranicznej<\/td><\/tr><tr><td class=\"has-text-align-left\" data-align=\"left\"><a href=\"http:\/\/www.ide.info.pl\">http:\/\/www.ide.info.pl<\/a> &#8211; Instytut Duszpasterstwa Emigracyjnego -s\u0105 tam bazy danych polonijnych parafii i ksiezy<\/td><\/tr><\/tbody><\/table><\/figure>\n<\/div><\/div>\n","protected":false},"excerpt":{"rendered":"<p>Warto zobaczy\u0107 Portale i katalogi www.opoka.org.pl &#8211; &#8222;Opoka&#8221; &#8211; laboratorium wiary i kultury katolik.pl &#8211; serwis wierz\u0105cych, [&hellip;]<\/p>\n","protected":false},"author":1,"featured_media":0,"parent":0,"menu_order":0,"comment_status":"closed","ping_status":"closed","template":"","meta":{"ngg_post_thumbnail":0},"_links":{"self":[{"href":"https:\/\/parafiarzepiennik.pl\/index.php?rest_route=\/wp\/v2\/pages\/1959"}],"collection":[{"href":"https:\/\/parafiarzepiennik.pl\/index.php?rest_route=\/wp\/v2\/pages"}],"about":[{"href":"https:\/\/parafiarzepiennik.pl\/index.php?rest_route=\/wp\/v2\/types\/page"}],"author":[{"embeddable":true,"href":"https:\/\/parafiarzepiennik.pl\/index.php?rest_route=\/wp\/v2\/users\/1"}],"replies":[{"embeddable":true,"href":"https:\/\/parafiarzepiennik.pl\/index.php?rest_route=%2Fwp%2Fv2%2Fcomments&post=1959"}],"version-history":[{"count":2,"href":"https:\/\/parafiarzepiennik.pl\/index.php?rest_route=\/wp\/v2\/pages\/1959\/revisions"}],"predecessor-version":[{"id":1962,"href":"https:\/\/parafiarzepiennik.pl\/index.php?rest_route=\/wp\/v2\/pages\/1959\/revisions\/1962"}],"wp:attachment":[{"href":"https:\/\/parafiarzepiennik.pl\/index.php?rest_route=%2Fwp%2Fv2%2Fmedia&parent=1959"}],"curies":[{"name":"wp","href":"https:\/\/api.w.org\/{rel}","templated":true}]}}