{"id":1801,"date":"2023-11-02T14:53:11","date_gmt":"2023-11-02T14:53:11","guid":{"rendered":"https:\/\/parafiarzepiennik.pl\/?page_id=1801"},"modified":"2026-04-11T19:16:22","modified_gmt":"2026-04-11T19:16:22","slug":"pogrzeby","status":"publish","type":"page","link":"https:\/\/parafiarzepiennik.pl\/?page_id=1801","title":{"rendered":"Pogrzeby"},"content":{"rendered":"\n<p><strong>ODESZLI DO WIECZNO\u015aCI &#8211; 202<\/strong>5\/26<\/p>\n\n\n\n<figure class=\"wp-block-table\"><table><tbody><tr><th>lp.<\/th><th>Imi\u0119 i nazwisko<\/th><th>Zamieszka\u0142y\/a<\/th><th>Lat<\/th><th>Data pogrzebu<\/th><\/tr><tr><td>1<\/td><td>Piotr Michalik<\/td><td>Rzepiennik Biskupi<\/td><td>47<\/td><td>01.01.2026<\/td><\/tr><tr><td>2<\/td><td>Krzysztof Radzik<\/td><td>Rzepiennik Biskupi<\/td><td>51<\/td><td>07.01.2026<\/td><\/tr><tr><td>3<\/td><td>Stanis\u0142aw Paszkowski<\/td><td>Rzepiennik Biskupi<\/td><td>90<\/td><td>21.01.2026<\/td><\/tr><tr><td>4<\/td><td>Czes\u0142awa Konarska<\/td><td>Rzepiennik Strzy\u017cewski <\/td><td>73<\/td><td>04.02.2026<\/td><\/tr><tr><td>5<\/td><td>Stanis\u0142aw Wal <\/td><td>Rzepiennik Biskupi<\/td><td>79<\/td><td>11.02.2026<\/td><\/tr><tr><td>6<\/td><td>Helena Markowicz <\/td><td>Rzepiennik Biskupi<\/td><td>83<\/td><td>15.03.2026<\/td><\/tr><tr><td>7<\/td><td>Feliks R\u0105pa\u0142a<\/td><td>Ko\u0142k\u00f3wka <\/td><td>80<\/td><td>11.04.2026<\/td><\/tr><tr><td>8<\/td><td><\/td><td><\/td><td><\/td><td><\/td><\/tr><tr><td>9<\/td><td><\/td><td><\/td><td><\/td><td><\/td><\/tr><tr><td>10<\/td><td><\/td><td><\/td><td><\/td><td><\/td><\/tr><tr><td>11<\/td><td><\/td><td><\/td><td><\/td><td><\/td><\/tr><tr><td>12<\/td><td><\/td><td><\/td><td><\/td><td><\/td><\/tr><tr><td>13<\/td><td><\/td><td><\/td><td><\/td><td><\/td><\/tr><tr><td>14<\/td><td><\/td><td><\/td><td><\/td><td><\/td><\/tr><tr><td>15<\/td><td><\/td><td><\/td><td><\/td><td><\/td><\/tr><tr><td>16<\/td><td><\/td><td><\/td><td><\/td><td><\/td><\/tr><tr><td>17<\/td><td><\/td><td><\/td><td><\/td><td><\/td><\/tr><tr><td>18<\/td><td><\/td><td><\/td><td><\/td><td><\/td><\/tr><tr><td>19<\/td><td><\/td><td><\/td><td><\/td><td><\/td><\/tr><tr><td>20<\/td><td> <\/td><td><\/td><td><\/td><td><\/td><\/tr><tr><td>21<\/td><td><\/td><td><\/td><td><\/td><td><\/td><\/tr><tr><td>22<\/td><td><\/td><td><\/td><td><\/td><td><\/td><\/tr><tr><td>23<\/td><td><\/td><td><\/td><td><\/td><td><\/td><\/tr><tr><td>24<\/td><td><\/td><td><\/td><td><\/td><td><\/td><\/tr><tr><td>25<\/td><td><\/td><td><\/td><td><\/td><td><\/td><\/tr><tr><td>26<\/td><td><\/td><td><\/td><td><\/td><td><\/td><\/tr><tr><td>27<\/td><td><\/td><td>&nbsp;<\/td><td><\/td><td><\/td><\/tr><tr><td>28<\/td><td><\/td><td><\/td><td><\/td><td><\/td><\/tr><tr><td>29<\/td><td>&nbsp;<\/td><td>&nbsp;<\/td><td>&nbsp;<\/td><td>&nbsp;<\/td><\/tr><tr><td>30<\/td><td>&nbsp;<\/td><td>&nbsp;<\/td><td>&nbsp;<\/td><td>&nbsp;<\/td><\/tr><tr><td>31<\/td><td>&nbsp;<\/td><td>&nbsp;<\/td><td>&nbsp;<\/td><td>&nbsp;<\/td><\/tr><tr><td>32<\/td><td>&nbsp;<\/td><td>&nbsp;<\/td><td>&nbsp;<\/td><td>&nbsp;<\/td><\/tr><tr><td>33<\/td><td>&nbsp;<\/td><td>&nbsp;<\/td><td>&nbsp;<\/td><td>&nbsp;<\/td><\/tr><tr><td>34<\/td><td>&nbsp;<\/td><td>&nbsp;<\/td><td>&nbsp;<\/td><td>&nbsp;<\/td><\/tr><tr><td>35<\/td><td>&nbsp;<\/td><td>&nbsp;<\/td><td>&nbsp;<\/td><td>&nbsp;<\/td><\/tr><tr><td>36<\/td><td>&nbsp;<\/td><td>&nbsp;<\/td><td>&nbsp;<\/td><td>&nbsp;<\/td><\/tr><tr><td>35<\/td><td>&nbsp;<\/td><td>&nbsp;<\/td><td>&nbsp;<\/td><td>&nbsp;<\/td><\/tr><tr><td>36<\/td><td>&nbsp;<\/td><td>&nbsp;<\/td><td>&nbsp;<\/td><td>&nbsp;<\/td><\/tr><tr><td>37<\/td><td>&nbsp;<\/td><td>&nbsp;<\/td><td>&nbsp;<\/td><td>&nbsp;<\/td><\/tr><tr><td>38<\/td><td>&nbsp;<\/td><td>&nbsp;<\/td><td>&nbsp;<\/td><td>&nbsp;<\/td><\/tr><tr><td>39<\/td><td>&nbsp;<\/td><td>&nbsp;<\/td><td>&nbsp;<\/td><td>&nbsp;<\/td><\/tr><tr><td>40<\/td><td>&nbsp;<\/td><td>&nbsp;<\/td><td>&nbsp;<\/td><td>&nbsp;<\/td><\/tr><tr><td>41<\/td><td>&nbsp;<\/td><td>&nbsp;<\/td><td>&nbsp;<\/td><td>&nbsp;<\/td><\/tr><\/tbody><\/table><figcaption class=\"wp-element-caption\">Administrator danych osobowych informuje, \u017ce dane osobowe dotycz\u0105ce zgon\u00f3w zawarte na stronie Parafii&nbsp; w Rzepienniku Biskupim umieszczone zosta\u0142y za zgod\u0105 organizuj\u0105cych pogrzeb, os\u00f3b kt\u00f3rych dane dotycz\u0105.<\/figcaption><\/figure>\n\n\n\n<p><strong>POGRZEB:<\/strong><\/p>\n\n\n\n<p><br>Do pogrzebu katolickiego w swojej parafii maj\u0105 prawo:<\/p>\n\n\n\n<p><br><strong>1.<\/strong> Katolicy wierz\u0105cy i praktykuj\u0105cy.<br><strong>2. <\/strong>Katolicy, kt\u00f3rzy systematycznie uczestniczyli we mszy \u015bw. niedzielnej i \u015bwi\u0105tecznej, przyjmowali Komuni\u0119 \u015bw., przyst\u0119powali do spowiedzi \u015bw.<br><strong>3.<\/strong> Katolicy zaopatrzeni za \u017cycia sakramentami (przyj\u0119li \u015bwiadomie namaszczenie chorych i Komuni\u0119 \u015bw. &#8211; np. wiatyk)<br><strong>4.<\/strong> Pogrzeb powinien odby\u0107 si\u0119 w parafii zamieszkania osoby zmar\u0142ej, za\u015b poch\u00f3wek na wybranym zgodnie z wol\u0105 zmar\u0142ego cmentarzu &#8211; za zgod\u0105 ksi\u0119dza proboszcza parafii zamieszkania osoby zmar\u0142ej.<br><br><strong>Dokumenty wymagane przy zamawianiu pogrzebu katolickiego:<\/strong><\/p>\n\n\n\n<p><br><strong>1. <\/strong>Akt Zgonu &#8211; potwierdzony przez USC.<br><strong>2.<\/strong> Za\u015bwiadczenie o Namaszczeniu chorych. Je\u015bli zgon nast\u0105pi\u0142 w szpitalu &#8211; za\u015bwiadczenie wydaje Ks. Kapelan danego szpitala.<\/p>\n","protected":false},"excerpt":{"rendered":"<p>ODESZLI DO WIECZNO\u015aCI &#8211; 2025\/26 lp. Imi\u0119 i nazwisko Zamieszka\u0142y\/a Lat Data pogrzebu 1 Piotr Michalik Rzepiennik [&hellip;]<\/p>\n","protected":false},"author":1,"featured_media":0,"parent":0,"menu_order":0,"comment_status":"closed","ping_status":"closed","template":"","meta":{"ngg_post_thumbnail":0},"_links":{"self":[{"href":"https:\/\/parafiarzepiennik.pl\/index.php?rest_route=\/wp\/v2\/pages\/1801"}],"collection":[{"href":"https:\/\/parafiarzepiennik.pl\/index.php?rest_route=\/wp\/v2\/pages"}],"about":[{"href":"https:\/\/parafiarzepiennik.pl\/index.php?rest_route=\/wp\/v2\/types\/page"}],"author":[{"embeddable":true,"href":"https:\/\/parafiarzepiennik.pl\/index.php?rest_route=\/wp\/v2\/users\/1"}],"replies":[{"embeddable":true,"href":"https:\/\/parafiarzepiennik.pl\/index.php?rest_route=%2Fwp%2Fv2%2Fcomments&post=1801"}],"version-history":[{"count":51,"href":"https:\/\/parafiarzepiennik.pl\/index.php?rest_route=\/wp\/v2\/pages\/1801\/revisions"}],"predecessor-version":[{"id":4517,"href":"https:\/\/parafiarzepiennik.pl\/index.php?rest_route=\/wp\/v2\/pages\/1801\/revisions\/4517"}],"wp:attachment":[{"href":"https:\/\/parafiarzepiennik.pl\/index.php?rest_route=%2Fwp%2Fv2%2Fmedia&parent=1801"}],"curies":[{"name":"wp","href":"https:\/\/api.w.org\/{rel}","templated":true}]}}