{"id":1799,"date":"2023-11-02T14:50:21","date_gmt":"2023-11-02T14:50:21","guid":{"rendered":"https:\/\/parafiarzepiennik.pl\/?page_id=1799"},"modified":"2026-04-11T19:15:20","modified_gmt":"2026-04-11T19:15:20","slug":"chrzty","status":"publish","type":"page","link":"https:\/\/parafiarzepiennik.pl\/?page_id=1799","title":{"rendered":"Chrzty"},"content":{"rendered":"\n<p><strong>STALI SI\u0118 DZIE\u0106MI BO\u017bYMI PRZEZ CHRZEST \u015aW.- 2026r.<\/strong><\/p>\n\n\n\n<figure class=\"wp-block-table\"><table><tbody><tr><th>Lp.<\/th><th>Imi\u0119 i nazwisko<\/th><th>Rok urodzenia<\/th><th>Zamieszka\u0142y(a)<\/th><\/tr><tr><td>1<\/td><td>Stanis\u0142aw Kurczab<\/td><td>2025<\/td><td>Rzepiennik Biskupi<\/td><\/tr><tr><td>2<\/td><td>Tymoteusz Wszo\u0142ek<\/td><td>2026<\/td><td>Ko\u0142k\u00f3wka<\/td><\/tr><tr><td>3<\/td><td>Maria So\u0142tyk<\/td><td>2025<\/td><td>Rzepiennik Biskupi<\/td><\/tr><tr><td>4<\/td><td>Tobiasz Nowak<\/td><td>2026<\/td><td>Rzepiennik Strzy\u017cewski<\/td><\/tr><tr><td>5<\/td><td><\/td><td><\/td><td><\/td><\/tr><tr><td>6<\/td><td><\/td><td><\/td><td><\/td><\/tr><tr><td>7<\/td><td><\/td><td><\/td><td><\/td><\/tr><tr><td>8<\/td><td><\/td><td><\/td><td><\/td><\/tr><tr><td>9<\/td><td><\/td><td><\/td><td><\/td><\/tr><tr><td>10<\/td><td><\/td><td><\/td><td><\/td><\/tr><tr><td>11<\/td><td><\/td><td><\/td><td><\/td><\/tr><tr><td>12<\/td><td> <\/td><td><\/td><td><\/td><\/tr><tr><td>13<\/td><td><\/td><td><\/td><td><\/td><\/tr><tr><td>14<\/td><td><\/td><td><\/td><td><\/td><\/tr><tr><td>15<\/td><td><\/td><td><\/td><td><\/td><\/tr><tr><td>16<\/td><td><\/td><td><\/td><td><\/td><\/tr><tr><td>17<\/td><td><\/td><td><\/td><td><\/td><\/tr><tr><td>18<\/td><td><\/td><td><\/td><td><\/td><\/tr><tr><td>19<\/td><td><\/td><td><\/td><td><\/td><\/tr><tr><td>20<\/td><td><\/td><td><\/td><td><\/td><\/tr><tr><td>21<\/td><td><\/td><td><\/td><td><\/td><\/tr><tr><td>22<\/td><td><\/td><td><\/td><td><\/td><\/tr><tr><td>23<\/td><td><\/td><td><\/td><td><\/td><\/tr><tr><td>24<\/td><td><\/td><td><\/td><td><\/td><\/tr><tr><td>25<\/td><td>&nbsp;<\/td><td><\/td><td>&nbsp;<\/td><\/tr><tr><td>26<\/td><td>&nbsp;<\/td><td><\/td><td><\/td><\/tr><tr><td>27<\/td><td><\/td><td><\/td><td><\/td><\/tr><tr><td>28<\/td><td>&nbsp;<\/td><td><\/td><td>&nbsp;<\/td><\/tr><tr><td>29<\/td><td>&nbsp;<\/td><td>&nbsp;<\/td><td>&nbsp;<\/td><\/tr><tr><td>30<\/td><td>&nbsp;<\/td><td>&nbsp;<\/td><td>&nbsp;<\/td><\/tr><tr><td>31<\/td><td>&nbsp;<\/td><td>&nbsp;<\/td><td>&nbsp;<\/td><\/tr><tr><td>32<\/td><td>&nbsp;<\/td><td>&nbsp;<\/td><td>&nbsp;<\/td><\/tr><tr><td>33<\/td><td>&nbsp;<\/td><td>&nbsp;<\/td><td>&nbsp;<\/td><\/tr><tr><td>34<\/td><td>&nbsp;<\/td><td>&nbsp;<\/td><td>&nbsp;<\/td><\/tr><tr><td>35<\/td><td>&nbsp;<\/td><td>&nbsp;<\/td><td>&nbsp;<\/td><\/tr><tr><td>36<\/td><td>&nbsp;<\/td><td>&nbsp;<\/td><td>&nbsp;<\/td><\/tr><tr><td>37<\/td><td>&nbsp;<\/td><td>&nbsp;<\/td><td>&nbsp;<\/td><\/tr><tr><td>&nbsp;<\/td><td>&nbsp;<\/td><td>&nbsp;<\/td><td>&nbsp;<\/td><\/tr><\/tbody><\/table><figcaption class=\"wp-element-caption\">Administrator danych osobowych informuje, \u017ce dane osobowe dotycz\u0105ce chrzt\u00f3w zawarte na stronie Parafii&nbsp;w Rzepienniku Biskupim umieszczone zosta\u0142y za zgod\u0105 opiekun\u00f3w os\u00f3b, kt\u00f3rych dane dotycz\u0105.<\/figcaption><\/figure>\n\n\n\n<p><strong><u>SAKRAMENT CHRZTU:<\/u><br>W celu udzielenia sakramentu chrztu nale\u017cy:<br>1.<\/strong> Rodzice po urodzenia dziecka powinni zg\u0142osi\u0107 je do chrztu jak najszybciej w parafii zamieszkania rodzic\u00f3w. (Nie p\u00f3\u017aniej ni\u017c 3 miesi\u0105ce od urodzenia dziecka).<br><strong>2.<\/strong> Rodzice przynosz\u0105 Akt Urodzenia dziecka z USC. &nbsp;<br><strong>3.<\/strong> Chrzest udzielany jest uroczy\u015bcie w ka\u017cd\u0105 III niedziel\u0119 miesi\u0105ca na mszy \u015bw. o godz. 11.00.<br><strong>4.<\/strong> Dziecko ma prawo do uroczystego chrztu w ko\u015bciele parafialnym i dlatego w innym terminie chrztu udziela si\u0119 tylko gdy dziecko jest chore.<br><strong>5.<\/strong> Rodzice chrzestni mieszkaj\u0105cy poza parafi\u0105 dostarczaj\u0105 od swego ksi\u0119dza proboszcza za\u015bwiadczenie o tym, \u017ce s\u0105 katolikami wierz\u0105cymi i praktykuj\u0105cymi lub \u015bwiadectwo spowiedzi chrzestnych.<br><strong>6.<\/strong> Rodzice, chrzestni, najbli\u017csza rodzina &#8211; powinni w intencji dziecka ochrzczonego przyj\u0105\u0107 Komuni\u0119 \u015bw. podczas mszy \u015bw., kt\u00f3r\u0105 uroczy\u015bcie ofiarujemy za nowych parafian.<br><strong>7.<\/strong> Do chrztu potrzebna jest bia\u0142a szata oraz \u015bwieca chrzcielna.<br><strong>8.<\/strong> Rodzice i chrzestni oczekuj\u0105 na uroczyste wprowadzenie w g\u0142\u00f3wnych drzwiach ko\u015bcio\u0142a.<br><br>Uwaga:<br>Chrzestnymi zgodnie z Prawem Kanonicznym:<br><strong>1.<\/strong> Nie mog\u0105 by\u0107 osoby niewierz\u0105ce.<br><strong>2. <\/strong>Nie mog\u0105 by\u0107 osoby niepraktykuj\u0105ce wiary katolickiej.<br><strong>3.<\/strong> Nie mog\u0105 by\u0107 osoby niebierzmowane.<br><strong>4.<\/strong> Nie mog\u0105 by\u0107 osoby \u017cyj\u0105ce w konkubinacie, np. \u017cyj\u0105ce w zwi\u0105zku cywilnym lub tzw. partnerskim.<br><strong>5.<\/strong> Nie mog\u0105 by\u0107 osoby innych religii.<\/p>\n","protected":false},"excerpt":{"rendered":"<p>STALI SI\u0118 DZIE\u0106MI BO\u017bYMI PRZEZ CHRZEST \u015aW.- 2026r. Lp. Imi\u0119 i nazwisko Rok urodzenia Zamieszka\u0142y(a) 1 Stanis\u0142aw [&hellip;]<\/p>\n","protected":false},"author":1,"featured_media":0,"parent":0,"menu_order":0,"comment_status":"closed","ping_status":"closed","template":"","meta":{"ngg_post_thumbnail":0},"_links":{"self":[{"href":"https:\/\/parafiarzepiennik.pl\/index.php?rest_route=\/wp\/v2\/pages\/1799"}],"collection":[{"href":"https:\/\/parafiarzepiennik.pl\/index.php?rest_route=\/wp\/v2\/pages"}],"about":[{"href":"https:\/\/parafiarzepiennik.pl\/index.php?rest_route=\/wp\/v2\/types\/page"}],"author":[{"embeddable":true,"href":"https:\/\/parafiarzepiennik.pl\/index.php?rest_route=\/wp\/v2\/users\/1"}],"replies":[{"embeddable":true,"href":"https:\/\/parafiarzepiennik.pl\/index.php?rest_route=%2Fwp%2Fv2%2Fcomments&post=1799"}],"version-history":[{"count":27,"href":"https:\/\/parafiarzepiennik.pl\/index.php?rest_route=\/wp\/v2\/pages\/1799\/revisions"}],"predecessor-version":[{"id":4516,"href":"https:\/\/parafiarzepiennik.pl\/index.php?rest_route=\/wp\/v2\/pages\/1799\/revisions\/4516"}],"wp:attachment":[{"href":"https:\/\/parafiarzepiennik.pl\/index.php?rest_route=%2Fwp%2Fv2%2Fmedia&parent=1799"}],"curies":[{"name":"wp","href":"https:\/\/api.w.org\/{rel}","templated":true}]}}