{"id":1797,"date":"2023-11-02T14:47:34","date_gmt":"2023-11-02T14:47:34","guid":{"rendered":"https:\/\/parafiarzepiennik.pl\/?page_id=1797"},"modified":"2023-11-02T14:47:34","modified_gmt":"2023-11-02T14:47:34","slug":"kancelaria","status":"publish","type":"page","link":"https:\/\/parafiarzepiennik.pl\/?page_id=1797","title":{"rendered":"Kancelaria"},"content":{"rendered":"\n<p><strong>Kancelaria czynna:<\/strong><br><br>Poniedzia\u0142ek, \u015aroda i Sobota: 7:00 &#8211; 7:30<br>Pi\u0105tek (opr\u00f3cz I Pi\u0105tk\u00f3w Miesi\u0105ca): 18:00 &#8211; 20:00 (dla narzeczonych)<\/p>\n\n\n\n<p><br><strong>W sprawach pilnych o ka\u017cdej porze!<\/strong><br><br>Informacje mo\u017cna uzyska\u0107 tak\u017ce pod nr tel. +48 14 653 00 64<\/p>\n","protected":false},"excerpt":{"rendered":"<p>Kancelaria czynna: Poniedzia\u0142ek, \u015aroda i Sobota: 7:00 &#8211; 7:30Pi\u0105tek (opr\u00f3cz I Pi\u0105tk\u00f3w Miesi\u0105ca): 18:00 &#8211; 20:00 (dla [&hellip;]<\/p>\n","protected":false},"author":1,"featured_media":0,"parent":0,"menu_order":0,"comment_status":"closed","ping_status":"closed","template":"","meta":{"ngg_post_thumbnail":0},"_links":{"self":[{"href":"https:\/\/parafiarzepiennik.pl\/index.php?rest_route=\/wp\/v2\/pages\/1797"}],"collection":[{"href":"https:\/\/parafiarzepiennik.pl\/index.php?rest_route=\/wp\/v2\/pages"}],"about":[{"href":"https:\/\/parafiarzepiennik.pl\/index.php?rest_route=\/wp\/v2\/types\/page"}],"author":[{"embeddable":true,"href":"https:\/\/parafiarzepiennik.pl\/index.php?rest_route=\/wp\/v2\/users\/1"}],"replies":[{"embeddable":true,"href":"https:\/\/parafiarzepiennik.pl\/index.php?rest_route=%2Fwp%2Fv2%2Fcomments&post=1797"}],"version-history":[{"count":1,"href":"https:\/\/parafiarzepiennik.pl\/index.php?rest_route=\/wp\/v2\/pages\/1797\/revisions"}],"predecessor-version":[{"id":1798,"href":"https:\/\/parafiarzepiennik.pl\/index.php?rest_route=\/wp\/v2\/pages\/1797\/revisions\/1798"}],"wp:attachment":[{"href":"https:\/\/parafiarzepiennik.pl\/index.php?rest_route=%2Fwp%2Fv2%2Fmedia&parent=1797"}],"curies":[{"name":"wp","href":"https:\/\/api.w.org\/{rel}","templated":true}]}}