{"id":1794,"date":"2023-11-01T20:00:24","date_gmt":"2023-11-01T20:00:24","guid":{"rendered":"https:\/\/parafiarzepiennik.pl\/?page_id=1794"},"modified":"2025-12-31T19:38:54","modified_gmt":"2025-12-31T19:38:54","slug":"sluby","status":"publish","type":"page","link":"https:\/\/parafiarzepiennik.pl\/?page_id=1794","title":{"rendered":"\u015aluby"},"content":{"rendered":"\n<p><strong>\u015aLUBOWALI PRZED BOGIEM<\/strong> <strong>WZAJEMN\u0104 MI\u0141O\u015a\u0106<\/strong> <strong>&#8211; w 202<\/strong>6<\/p>\n\n\n\n<figure class=\"wp-block-table\"><table><tbody><tr><th>lp.<\/th><th>Imi\u0119 i nazwisko<\/th><th>Data \u015blubu<\/th><\/tr><tr><td>1<\/td><td>.<\/td><td><\/td><\/tr><tr><td>2<\/td><td><\/td><td><\/td><\/tr><tr><td>3<\/td><td><\/td><td><\/td><\/tr><tr><td>4<\/td><td><\/td><td><\/td><\/tr><tr><td>5<\/td><td><\/td><td><\/td><\/tr><tr><td>6<\/td><td><\/td><td><\/td><\/tr><tr><td>7<\/td><td><\/td><td><\/td><\/tr><tr><td>8<\/td><td><\/td><td><\/td><\/tr><tr><td>9<\/td><td><\/td><td><\/td><\/tr><tr><td>10<\/td><td><\/td><td><\/td><\/tr><tr><td>11<\/td><td><\/td><td><\/td><\/tr><tr><td>12<\/td><td><\/td><td>\u00a0<\/td><\/tr><tr><td>13<\/td><td><\/td><td><\/td><\/tr><tr><td>14<\/td><td><\/td><td><\/td><\/tr><tr><td>15<\/td><td>\u00a0<\/td><td>\u00a0<\/td><\/tr><tr><td>16<\/td><td>&nbsp;<\/td><td>&nbsp;<\/td><\/tr><tr><td>17<\/td><td>&nbsp;<\/td><td>&nbsp;<\/td><\/tr><tr><td>18<\/td><td>&nbsp;<\/td><td>&nbsp;<\/td><\/tr><tr><td>19<\/td><td>&nbsp;<\/td><td>&nbsp;<\/td><\/tr><tr><td>20<\/td><td>&nbsp;<\/td><td>&nbsp;<\/td><\/tr><tr><td>21<\/td><td>&nbsp;<\/td><td>&nbsp;<\/td><\/tr><tr><td>22<\/td><td>&nbsp;<\/td><td>&nbsp;<\/td><\/tr><tr><td>23<\/td><td>&nbsp;<\/td><td>&nbsp;<\/td><\/tr><tr><td>24<\/td><td>&nbsp;<\/td><td>&nbsp;<\/td><\/tr><tr><td>25<\/td><td>&nbsp;<\/td><td>&nbsp;<\/td><\/tr><tr><td>&nbsp;<\/td><td>&nbsp;<\/td><td>&nbsp;<\/td><\/tr><tr><td>&nbsp;<\/td><td>&nbsp;<\/td><td>&nbsp;<\/td><\/tr><tr><td>&nbsp;<\/td><td>&nbsp;<\/td><td>&nbsp;<\/td><\/tr><\/tbody><\/table><figcaption class=\"wp-element-caption\">Administrator danych osobowych informuje, \u017ce dane osobowe dotycz\u0105ce \u015blub\u00f3w zawarte na stronie Parafii&nbsp; w Rzepienniku Biskupim umieszczone zosta\u0142y za zgod\u0105 os\u00f3b, kt\u00f3rych dane dotycz\u0105.<\/figcaption><\/figure>\n\n\n\n<p><\/p>\n\n\n\n<p><strong>SAKRAMENT MA\u0141\u017bE\u0143STWA:<\/strong><br>Og\u00f3lne informacje dla narzeczonych:<br><strong>1.<\/strong> Ma\u0142\u017ce\u0144stwo sakramentalne mog\u0105 zawrze\u0107 katolicy wierz\u0105cy i praktykuj\u0105cy. W zwi\u0105zek ma\u0142\u017ce\u0144ski mog\u0105 wej\u015b\u0107 osoby p\u0142ci przeciwnej, stanu wolnego pragn\u0105ce zawrze\u0107 sakrament ma\u0142\u017ce\u0144stwa zgodnie z nauk\u0105 Ko\u015bcio\u0142a Katolickiego: trwa\u0142e, wy\u0142\u0105czne i wierne.<\/p>\n\n\n\n<p><br><strong>2.<\/strong> \u015awiadkami sakramentu ma\u0142\u017ce\u0144stwa mog\u0105 by\u0107 osoby:<br>&#8211; doros\u0142e &#8211; posiadaj\u0105ce dow\u00f3d osobisty (potrzebny podczas \u015blubu)<br>&#8211; bierzmowane<br>&#8211; wierz\u0105ce i praktykuj\u0105ce (przyst\u0119puj\u0105 w czasie \u015blubu do komunii \u015bw.)<br>&#8211; \u015bwiadkami sakramentu ma\u0142\u017ce\u0144stwa nie mog\u0105 by\u0107 osoby niepraktykuj\u0105ce, \u017cyj\u0105ce w konkubinacie lub innej wiary.<br>&#8211; Zapraszaj\u0105c na \u015blub &#8211; pro\u015bmy naszych wierz\u0105cych go\u015bci, aby uczestniczyli w ca\u0142ej mszy \u015bw. i w intencji nowo\u017ce\u0144c\u00f3w przyj\u0119li Komuni\u0119 \u015bw.<\/p>\n\n\n\n<p><strong>W celu zawarcia sakramentu ma\u0142\u017ce\u0144stwa nale\u017cy:<\/strong><br><strong>1.<\/strong> Zg\u0142osi\u0107 si\u0119 nie p\u00f3\u017aniej ni\u017c 3 miesi\u0105ce przed dniem \u015blubu.<br><strong>2.<\/strong> Mie\u0107 uko\u0144czone 18 lat i dow\u00f3d osobisty.<br><strong>3. <\/strong>Posiada\u0107 aktualn\u0105 metryk\u0119 chrztu &#8211; dotyczy osoby ochrzczonej poza parafi\u0105 \u015blubu.<br>&#8211; Metryka do \u015blubu jest wa\u017cna tylko 6 miesi\u0119cy.<br>&#8211; Na metryce musi by\u0107 odnotowany sakrament bierzmowania.<br>&#8211; Pomi\u0119dzy metryk\u0105 a dowodem to\u017csamo\u015bci nie mo\u017ce by\u0107 rozbie\u017cno\u015bci w nazwisku, imionach czy datach. Rozbie\u017cno\u015bci nale\u017cy wyja\u015bni\u0107 i usun\u0105\u0107 w parafii wydaj\u0105cej metryk\u0119 chrztu.<br><strong>4. <\/strong>\u015awiadectwo katechezy przed\u015blubnej (Kurs przedma\u0142\u017ce\u0144ski)<br><strong>5. <\/strong>Na drugie spotkanie nale\u017cy dostarczy\u0107 dokumenty z USC &#8211; do zawarcia ma\u0142\u017ce\u0144stwa konkordatowego.<br><strong>6.<\/strong> Osoba z poza parafii prosi o zapowiedzi do parafii swego zamieszkania.<br><strong>7. <\/strong>Narzeczeni po pierwszej rozmowie udaj\u0105 si\u0119 do Poradni Rodzinnej na trzy spotkania oraz odprawiaj\u0105 Dzie\u0144 skupienia dla narzeczonych .<br><strong>8. <\/strong>Filmowa\u0107 uroczysto\u015b\u0107 i zdj\u0119cia mo\u017ce wykona\u0107 tylko jeden fotograf uprawniony (posiadaj\u0105cy dokument z Kurii diecezjalnej) &#8211; po wcze\u015bniejszym zg\u0142oszeniu si\u0119 w zakrystii.<\/p>\n\n\n\n<p>9. JE\u017bELI PO ZAKO\u0143CZENIU MSZY \u015aW \u015aLUBNEJ U\u017bYWANE JEST PRZED DRZWIAMI KO\u015aCIO\u0141A &#8221; KONFETTI&#8221; \/w jakiejkolwiek postaci\/ OBOWI\u0104ZKIEM RODZINY JEST WYZNACZENIE OSOBY DO NIEZW\u0141OCZNEGO POSPRZ\u0104TANIA !!! <br>Uwaga:<br><strong>1.<\/strong> Spraw przedma\u0142\u017ce\u0144skich nie zg\u0142asza si\u0119 drog\u0105 telefoniczn\u0105 ani listown\u0105, ale wy\u0142\u0105cznie osobi\u015bcie w godzinach urz\u0119dowania Kancelarii parafialnej.<br><strong>2.<\/strong> Osoby po rozwodzie cywilnym, wdowcy lub wdowy, osoby po uniewa\u017cnionym ma\u0142\u017ce\u0144stwie &#8211; dostarczaj\u0105 dodatkowo dokumenty stwierdzaj\u0105ce stan wolny.<\/p>\n","protected":false},"excerpt":{"rendered":"<p>\u015aLUBOWALI PRZED BOGIEM WZAJEMN\u0104 MI\u0141O\u015a\u0106 &#8211; w 2026 lp. Imi\u0119 i nazwisko Data \u015blubu 1 . 2 [&hellip;]<\/p>\n","protected":false},"author":1,"featured_media":0,"parent":0,"menu_order":0,"comment_status":"closed","ping_status":"closed","template":"","meta":{"ngg_post_thumbnail":0},"_links":{"self":[{"href":"https:\/\/parafiarzepiennik.pl\/index.php?rest_route=\/wp\/v2\/pages\/1794"}],"collection":[{"href":"https:\/\/parafiarzepiennik.pl\/index.php?rest_route=\/wp\/v2\/pages"}],"about":[{"href":"https:\/\/parafiarzepiennik.pl\/index.php?rest_route=\/wp\/v2\/types\/page"}],"author":[{"embeddable":true,"href":"https:\/\/parafiarzepiennik.pl\/index.php?rest_route=\/wp\/v2\/users\/1"}],"replies":[{"embeddable":true,"href":"https:\/\/parafiarzepiennik.pl\/index.php?rest_route=%2Fwp%2Fv2%2Fcomments&post=1794"}],"version-history":[{"count":25,"href":"https:\/\/parafiarzepiennik.pl\/index.php?rest_route=\/wp\/v2\/pages\/1794\/revisions"}],"predecessor-version":[{"id":4297,"href":"https:\/\/parafiarzepiennik.pl\/index.php?rest_route=\/wp\/v2\/pages\/1794\/revisions\/4297"}],"wp:attachment":[{"href":"https:\/\/parafiarzepiennik.pl\/index.php?rest_route=%2Fwp%2Fv2%2Fmedia&parent=1794"}],"curies":[{"name":"wp","href":"https:\/\/api.w.org\/{rel}","templated":true}]}}