{"id":1790,"date":"2023-11-01T19:43:12","date_gmt":"2023-11-01T19:43:12","guid":{"rendered":"https:\/\/parafiarzepiennik.pl\/?page_id=1790"},"modified":"2023-11-01T19:43:23","modified_gmt":"2023-11-01T19:43:23","slug":"kaplani-pracujacy-w-naszej-parafii","status":"publish","type":"page","link":"https:\/\/parafiarzepiennik.pl\/?page_id=1790","title":{"rendered":"Kap\u0142ani pracuj\u0105cy w naszej parafii"},"content":{"rendered":"\n<p><strong>Proboszczowie:<\/strong><br><br>\u00a0\u00a01386\u00a0\u00a0 Adam &#8211; rektor<br>\u00a0\u00a01450\u00a0\u00a0 ??? &#8211; proboszcz<br>\u00a0\u00a01529\u00a0\u00a0 Micha\u0142 de Czyeskowicz (z Ci\u0119\u017ckowic) &#8211; proboszcz<br>\u00a0\u00a01565\u00a0\u00a0 Stefan de Walbon &#8211; proboszcz<br>\u00a0\u00a01595\u00a0\u00a0 Melchior Siemo\u0144ski &#8211; proboszcz<br>\u00a0\u00a01596\u00a0\u00a0 Jan Stapniak ?<br>\u00a0\u00a01596\u00a0\u00a0 Miko\u0142aj z Przec\u0142awia &#8211; wikariusz<br>\u00a0\u00a01602\u00a0\u00a0 Pawe\u0142 s. Macieja z Pilzna &#8211; proboszcz<br>\u00a0\u00a01618\u00a0\u00a0 Pawe\u0142 Altriciusz Pilzne\u0144ski &#8211; proboszcz<br>\u00a0\u00a01638\u00a0\u00a0 Marcin \u0141ukowicz &#8211; proboszcz w Rzepienniku i Turzy<br>\u00a0\u00a01648\u00a0\u00a0 Miko\u0142aj Aleksandrowicz &#8211; proboszcz<br>\u00a0\u00a01684-1687\u00a0\u00a0 Teodor Kazimierz \u0141ojewski &#8211; proboszcz<br>\u00a0\u00a01687\u00a0\u00a0 Jan Konczewicz (wikary O\u0142pi\u0144ski) &#8211; administrator<br>\u00a0\u00a01687-1693\u00a0\u00a0 Jan Borowski &#8211; proboszcz<br>\u00a0\u00a01688\u00a0\u00a0 Bart\u0142omiej Gradkiewicz &#8211; administrator<br>\u00a0\u00a01693-1710\u00a0\u00a0 Stanis\u0142aw Szumowicz &#8211; proboszcz<br>\u00a0\u00a01702-1713\u00a0\u00a0 Urban Hanzl Zakon Braci Mniejszych &#8211; administrator<br>\u00a0\u00a01702-1703\u00a0\u00a0 Andrzej \u015awierczkowicz &#8211; administrator<br>\u00a0\u00a01710\u00a0\u00a0 Wojciech Stychowski (Stychowicz, Sztychowski) &#8211; proboszcz<br>\u00a0\u00a01713-1715\u00a0\u00a0 Stefan \u0141uszczewski &#8211; administrator<br>\u00a0\u00a01715-1719\u00a0\u00a0 Szymon Matulski &#8211; administrator<br>\u00a0\u00a01721-1723\u00a0\u00a0 Jan Statkowski &#8211; proboszcz<br>\u00a0\u00a01723-1735\u00a0\u00a0 Jan Niklewicz &#8211; administrator<br>\u00a0\u00a01737-1748\u00a0\u00a0 Szymon Nowakowski &#8211; proboszcz<br>\u00a0\u00a01748-1755\u00a0\u00a0 Eligiusz Olszewski &#8211; proboszcz<br>\u00a0\u00a01755-1761\u00a0\u00a0 Jan Pankowski &#8211; proboszcz<br>\u00a0\u00a01761-1775\u00a0\u00a0 Antoni Szczepa\u0144ski -proboszcz<br>\u00a0\u00a01775-1776\u00a0\u00a0 Pawe\u0142 Remiszowski (Reaniszewski) -administrator<br>\u00a0\u00a01775-1801\u00a0\u00a0 Wojciech Sutorowicz261 (1737-1801) -proboszcz<br>\u00a0\u00a01801-1812\u00a0\u00a0 Dominik de Godziemba Sosnowski (1775-1832)-proboszcz<br>\u00a0\u00a01812-1831\u00a0\u00a0 Klemens Schorell (1755-1831) karmelita &#8211; proboszcz<br>\u00a0\u00a01831-1835\u00a0\u00a0 Jakub So\u0142doniewski (1797-1835) &#8211; proboszcz<br>\u00a0\u00a01835-1836\u00a0\u00a0 Franciszek Ksawery Ciesielski (1807-1873) &#8211; proboszcz<br>\u00a0\u00a01837-1875\u00a0\u00a0 J\u00f3zef Ciurkiewicz (1803-1875) &#8211; proboszcz<br>\u00a0\u00a01875-1880\u00a0\u00a0 Jan Bia\u0142as (1842-1933) &#8211; proboszcz<br>\u00a0\u00a01880-1902\u00a0\u00a0 Jan Juszczyk (1845-1902) &#8211; proboszcz<br>\u00a0\u00a01903-1910\u00a0\u00a0 Wojciech B\u0142a\u017cewski (1869-1910) &#8211; proboszcz<br>\u00a0\u00a01910-1918\u00a0\u00a0 Wojciech Giemza (1867-1918) &#8211; proboszcz<br>\u00a0\u00a01919-1925\u00a0\u00a0 Wincenty Boczar (1887 &#8211; ?) &#8211; proboszcz<br>\u00a0\u00a01925-1939\u00a0\u00a0 Marian Fecko (1890-1939) &#8211; proboszcz<br>\u00a0\u00a01939-1984\u00a0\u00a0 Stanis\u0142aw Krzemie\u0144 ( 1907 &#8211; 1998) &#8211; proboszcz<br>\u00a0\u00a01984-1991\u00a0\u00a0 Andrzej I\u017cyk (ur. 1948) -proboszcz<br>\u00a0\u00a01991-1993\u00a0\u00a0 Stanis\u0142aw Maciuszek (ur. 1951) -proboszcz<br>\u00a0\u00a01993-2007\u00a0\u00a0 Kazimierz Trybu\u0142a (ur. 1944) &#8211; proboszcz<br>\u00a0\u00a02007 &#8211;\u00a0\u00a0 Piotr Witecki &#8211; proboszcz<br><br><strong>Katecheci:<\/strong><br><br>\u00a0\u00a01703, 1713, 1717\u00a0\u00a0 Stefan \u0141uszczewski<br>\u00a0\u00a01712\u00a0\u00a0 Stefan \u017bukowski<br>\u00a0\u00a01713-1715*\u00a0\u00a0 Andrzej \u015awierczkowicz<br>\u00a0\u00a01715-1717, 1719\u00a0\u00a0 Stanis\u0142aw Lisicki<br>\u00a0\u00a01717-1719\u00a0\u00a0 Jan Rytlewicz<br>\u00a0\u00a01719-1721\u00a0\u00a0 B\u0142a\u017cej Chocho\u0142owski<br>\u00a0\u00a01719-1720\u00a0\u00a0 Szymon Matuski<br>\u00a0\u00a01724-1725\u00a0\u00a0 Bart\u0142omiej Olszewski<br>\u00a0\u00a01725-1730\u00a0\u00a0 Tomasz S\u0142omi\u0144ski<br>\u00a0\u00a01731-1733\u00a0\u00a0 Franciszek Kiselnowicz<br>\u00a0\u00a01733-1734\u00a0\u00a0 Kazimierz Rogowski<br>\u00a0\u00a01734\u00a0\u00a0 Dominik Pankra\u0107<br>\u00a0\u00a01734-1738\u00a0\u00a0 Jacek Mo\u015bcicki<br>\u00a0\u00a01735\u00a0\u00a0 Jan Niklewicz<br>\u00a0\u00a01738-1747\u00a0\u00a0 Franciszek Baro\u0144ski<br>\u00a0\u00a01733\u00a0\u00a0 Mateusz Czag\u0142owski<br>\u00a0\u00a01747-1752\u00a0\u00a0 Sebastian \u0141ukowski<br>\u00a0\u00a01752\u00a0\u00a0 Sebastian Kruczkowski<br>\u00a0\u00a01752-1753\u00a0\u00a0 Andrzej Brey<br>\u00a0\u00a01753-1755, 1761\u00a0\u00a0 Marian Kotowicz<br>\u00a0\u00a01755-1762\u00a0\u00a0 Andrzej Kotowicz<br>\u00a0\u00a01767-1770\u00a0\u00a0 Piotr Fundakowski<br>\u00a0\u00a01773-1774\u00a0\u00a0 Ksawery Sztukalski<br>\u00a0\u00a01774-1775\u00a0\u00a0 Stefan Pe\u0142czy\u0144ski<br>\u00a0\u00a01775-1776\u00a0\u00a0 Pawe\u0142 Remiszowski<br>\u00a0\u00a01776-1778\u00a0\u00a0 Walenty Rusakowicz<br>\u00a0\u00a01778-1785\u00a0\u00a0 Marcin Dani\u0142owicz<br>\u00a0\u00a01785-1801\u00a0\u00a0 Wojciech Kopi\u0144ski<br>\u00a0\u00a01801-1802\u00a0\u00a0 Wincenty Lewicki<br>\u00a0\u00a01802-1805\u00a0\u00a0 Brunon Lewicki<br>\u00a0\u00a01808-1818\u00a0\u00a0 Stanis\u0142aw Dymacki<br>\u00a0\u00a01821-1827\u00a0\u00a0 Micha\u0142 Kopowski<br>\u00a0\u00a01818-1831\u00a0\u00a0 Jakub So\u0142oniewski<br>\u00a0\u00a01829-1830\u00a0\u00a0 Jan Kozicki<br>\u00a0\u00a01830\u00a0\u00a0 Kazimierz Sitowski<br>\u00a0\u00a01830\u00a0\u00a0 Franciszek Bochenkiewicz<br>\u00a0\u00a01831-1832\u00a0\u00a0 Antoni Czerchaski<br>\u00a0\u00a01832\u00a0\u00a0 Micha\u0142 Puzon<br>\u00a0\u00a01836-1837\u00a0\u00a0 Piotr Motylewicz<br>\u00a0\u00a01831-1832\u00a0\u00a0 Micha\u0142 Jurkiewicz<br>\u00a0\u00a01832\u00a0\u00a0 Antoni Czerchaski<br>\u00a0\u00a01832-1835*\u00a0\u00a0 Tadeusz Bochenkiewicz<br>\u00a0\u00a01835-1836\u00a0\u00a0 Marceli Paszkowski<br>\u00a0\u00a01836-1837\u00a0\u00a0 Piotr Kolanko<br>\u00a0\u00a01837-1847\u00a0\u00a0 Jan Molnar<br>\u00a0\u00a01837-1840\u00a0\u00a0 Jan Lipczy\u0144ski<br>\u00a0\u00a01840-1842\u00a0\u00a0 J\u00f3zef Twar\u00f3g<br>\u00a0\u00a01840-1841\u00a0\u00a0 Hipolit Lipecki<br>\u00a0\u00a01841-1843\u00a0\u00a0 Franciszek Ci\u0119glewicz<br>\u00a0\u00a01842-1844\u00a0\u00a0 Julian Paszy\u0144ski<br>\u00a0\u00a01843-1846\u00a0\u00a0 Karol Garlicki<br>\u00a0\u00a01844-1849\u00a0\u00a0 Antoni Banasz<br>\u00a0\u00a01848-1850\u00a0\u00a0 Leon Potocki<br>\u00a0\u00a01850\u00a0\u00a0 Piotr Stec<br>\u00a0\u00a01850-1860\u00a0\u00a0 Hipolit Lipecki<br>\u00a0\u00a01854-1860\u00a0\u00a0 Kazimierz Adamowski<br>\u00a0\u00a01857-1860\u00a0\u00a0 Jan M\u0105czy\u0144ski<br>\u00a0\u00a01866-1870\u00a0\u00a0 Aleksander Kwieci\u0144ski<br>\u00a0\u00a01860-1873\u00a0\u00a0 Andrzej Wywr\u00f3t<br>\u00a0\u00a01868-1872\u00a0\u00a0 Jan Mielecki<br>\u00a0\u00a01872-1874\u00a0\u00a0 Jan Panczakiewicz<br>\u00a0\u00a01873-1879\u00a0\u00a0 Dominik Michna<br>\u00a0\u00a01874-1875\u00a0\u00a0 Aleksander R\u00f3\u017cycki<br>\u00a0\u00a01875-1880\u00a0\u00a0 Pawe\u0142 Niemiec<br>\u00a0\u00a01877-1878\u00a0\u00a0 J\u00f3zef Wac\u0142awik<br>\u00a0\u00a01878-1880\u00a0\u00a0 J\u00f3zef Cetnarski<br>\u00a0\u00a01873-1878\u00a0\u00a0 Stanis\u0142aw Wo\u017aniak<br>\u00a0\u00a01879-1881\u00a0\u00a0 J\u00f3zef Gr\u00f3decki<br>\u00a0\u00a01880\u00a0\u00a0 Jan Tokarz<br>\u00a0\u00a01881-1883\u00a0\u00a0 Franciszek Dziedzic<br>\u00a0\u00a01883-1890\u00a0\u00a0 Antoni Ablewicz<br>\u00a0\u00a01890-1891\u00a0\u00a0 Franciszek Wachlarowicz<br>\u00a0\u00a01891-1893\u00a0\u00a0 Ignacy Ziemba<br>\u00a0\u00a01891-1892\u00a0\u00a0 W\u0142adys\u0142aw Szczerbi\u0144ski<br>\u00a0\u00a01892-1893\u00a0\u00a0 Micha\u0142 Kuczek<br>\u00a0\u00a01891-1893\u00a0\u00a0 Wojciech Giemza<br>\u00a0\u00a01893-1894\u00a0\u00a0 Ignacy Antoniewski<br>\u00a0\u00a01894-1895\u00a0\u00a0 Franciszek Zaj\u0105c<br>\u00a0\u00a01894\u00a0\u00a0 Antoni Rymar<br>\u00a0\u00a01895-1896\u00a0\u00a0 Micha\u0142 B\u0142o\u0144ski<br>\u00a0\u00a01896-1897\u00a0\u00a0 Ignacy Kwiatkowski<br>\u00a0\u00a01896-1897\u00a0\u00a0 Jakub Szurlej<br>\u00a0\u00a01898-1901\u00a0\u00a0 J\u00f3zef Daszyk<br>\u00a0\u00a01900-1901\u00a0\u00a0 Antoni Szkadzi\u0144ski<br>\u00a0\u00a01901-1903\u00a0\u00a0 J\u00f3zef Szpila<br>\u00a0\u00a01901-1903\u00a0\u00a0 Antoni Dziurzycki<br>\u00a0\u00a01903\u00a0\u00a0 Franciszek Strz\u0119pek<br>\u00a0\u00a01903-1904\u00a0\u00a0 Henryk Roszkowski<br>\u00a0\u00a01904-1906\u00a0\u00a0 Adolf Majewicz<br>\u00a0\u00a01906-1909\u00a0\u00a0 Antoni Konieczko<br>\u00a0\u00a01909-1911\u00a0\u00a0 Franciszek Jele\u0144<br>\u00a0\u00a01910\u00a0\u00a0 Bronis\u0142aw Dutkiewicz<br>\u00a0\u00a01911-1912\u00a0\u00a0 Ambro\u017cy B\u0105czkowski<br>\u00a0\u00a01912\u00a0\u00a0 J\u00f3zef P\u0105czka<br>\u00a0\u00a01912-1915\u00a0\u00a0 Marian Fecko<br>\u00a0\u00a01913-1914\u00a0\u00a0 Edward Dro\u017ca\u0144ski<br>\u00a0\u00a01915-1916\u00a0\u00a0 Franciszek Bysiewicz<br>\u00a0\u00a01916-1919\u00a0\u00a0 W\u0142adys\u0142aw Strz\u0119pek<br>\u00a0\u00a01917-1919\u00a0\u00a0 Jan Warzecha<br>\u00a0\u00a01919-1920\u00a0\u00a0 Piotr Kuznar<br>\u00a0\u00a01919\u00a0\u00a0 Franciszek Jastrz\u0119bski<br>\u00a0\u00a01919-1920\u00a0\u00a0 W\u0142adys\u0142aw W\u00f3jcik<br>\u00a0\u00a01920-1924\u00a0\u00a0 Jan Wajda<br>\u00a0\u00a01923-1924\u00a0\u00a0 Antoni Por\u0119bski<br>\u00a0\u00a01924-1925\u00a0\u00a0 Tomasz Jaroch<br>\u00a0\u00a01925-1927\u00a0\u00a0 Jakub Pabis<br>\u00a0\u00a01927-1930\u00a0\u00a0 Adam Chmiel<br>\u00a0\u00a01929-1932\u00a0\u00a0 Karol Zaj\u0105c<br>\u00a0\u00a01930-1935\u00a0\u00a0 Franciszek Drwal<br>\u00a0\u00a01935-1936\u00a0\u00a0 Stanis\u0142aw Krzemie\u0144<br>\u00a0\u00a01935-1938\u00a0\u00a0 Stanis\u0142aw Kwieci\u0144ski<br>\u00a0\u00a01936\u00a0\u00a0 W\u0142adys\u0142aw Bawi\u0144ski<br>\u00a0\u00a01936-1938\u00a0\u00a0 Franciszek G\u0142\u0105b<br>\u00a0\u00a01937-1939\u00a0\u00a0 Tadeusz Kaczmarczyk<br>\u00a0\u00a01938-1939\u00a0\u00a0 W\u0142adys\u0142aw Serwin<br>\u00a0\u00a01939-1942\u00a0\u00a0 W\u0142adys\u0142aw Pachowicz<br>\u00a0\u00a01940-1944\u00a0\u00a0 Marian Janiszewski<br>\u00a0\u00a01942-1945\u00a0\u00a0 Henryk Cabaj<br>\u00a0\u00a01944-1945\u00a0\u00a0 Wies\u0142aw (Sztuba) Izbi\u0144ski<br>\u00a0\u00a01945-1946\u00a0\u00a0 Stanis\u0142aw Pacocha<br>\u00a0\u00a01945-1951\u00a0\u00a0 Stanis\u0142aw Augustyn<br>\u00a0\u00a01951-1953\u00a0\u00a0 Franciszek Kukla<br>\u00a0\u00a01953-1954\u00a0\u00a0 Stanis\u0142aw Che\u0142mecki<br>\u00a0\u00a01954-1955\u00a0\u00a0 Jan Ko\u015bcielny<br>\u00a0\u00a01954-1958\u00a0\u00a0 Marian Mordarski<br>\u00a0\u00a01958-1961\u00a0\u00a0 J\u00f3zef \u0141akomy<br>\u00a0\u00a01961-1963\u00a0\u00a0 Maksymilian Dziedzic<br>\u00a0\u00a01962-1964\u00a0\u00a0 Franciszek Malarz<br>\u00a0\u00a01964-1966\u00a0\u00a0 Andrzej Mucha<br>\u00a0\u00a01963-1968\u00a0\u00a0 Stanis\u0142aw Szostek<br>\u00a0\u00a01966-1969\u00a0\u00a0 Kazimierz Kozaczka<br>\u00a0\u00a01968-1970\u00a0\u00a0 Tadeusz Jachymiak<br>\u00a0\u00a01969-1973\u00a0\u00a0 Jan Rusiniak<br>\u00a0\u00a01970-1973\u00a0\u00a0 J\u00f3zef Mleczko<br>\u00a0\u00a01973-1978\u00a0\u00a0 Stanis\u0142aw Wo\u017aniak<br>\u00a0\u00a01973-1976\u00a0\u00a0 Franciszek Klag<br>\u00a0\u00a01976-1979\u00a0\u00a0 Stanis\u0142aw Pietrzak<br>\u00a0\u00a01978-1981\u00a0\u00a0 Czes\u0142aw Zag\u00f3rski<br>\u00a0\u00a01979-1984\u00a0\u00a0 Czes\u0142aw Stanaszek<br>\u00a0\u00a01981-1982\u00a0\u00a0 J\u00f3zef Bubula<br>\u00a0\u00a01984-1986\u00a0\u00a0 Grzegorz Skorupa<br>\u00a0\u00a01986-1988\u00a0\u00a0 Janusz Burzawa<br>\u00a0\u00a01987-1989\u00a0\u00a0 Jan Wn\u0119k<br>\u00a0\u00a01988-1990\u00a0\u00a0 Jerzy Kulpa<br>\u00a0\u00a01989-1992\u00a0\u00a0 Adam Wyrwa<br>\u00a0\u00a01992-1994\u00a0\u00a0 Andrzej Mirek<br>\u00a0\u00a01994-1995\u00a0 \u00a0Krzysztof Pikul<br>\u00a0\u00a01995-1998\u00a0\u00a0 Stanis\u0142aw Stasiak<br>\u00a0\u00a01998-2002\u00a0\u00a0 Jan Kr\u00f3l<br>\u00a0\u00a02002-2002\u00a0\u00a0 Krzysztof Tworzyd\u0142o<br>\u00a0\u00a02002-2004\u00a0\u00a0 Tomasz Stachel<br>\u00a0\u00a02004-2011\u00a0\u00a0 Stanis\u0142aw Kania<br>\u00a0\u00a02011-2014\u00a0\u00a0 Wojciech Dudzik<br>\u00a0\u00a02014-2017 \u00a0\u00a0Maciej Igielski<br>\u00a0\u00a02017-20202 Grzegorz Og\u00f3rek<br>\u00a0\u00a02020- \u00a0 Piotr Burdacki<\/p>\n","protected":false},"excerpt":{"rendered":"<p>Proboszczowie: \u00a0\u00a01386\u00a0\u00a0 Adam &#8211; rektor\u00a0\u00a01450\u00a0\u00a0 ??? &#8211; proboszcz\u00a0\u00a01529\u00a0\u00a0 Micha\u0142 de Czyeskowicz (z Ci\u0119\u017ckowic) &#8211; proboszcz\u00a0\u00a01565\u00a0\u00a0 Stefan de [&hellip;]<\/p>\n","protected":false},"author":1,"featured_media":0,"parent":0,"menu_order":0,"comment_status":"closed","ping_status":"closed","template":"","meta":{"ngg_post_thumbnail":0},"_links":{"self":[{"href":"https:\/\/parafiarzepiennik.pl\/index.php?rest_route=\/wp\/v2\/pages\/1790"}],"collection":[{"href":"https:\/\/parafiarzepiennik.pl\/index.php?rest_route=\/wp\/v2\/pages"}],"about":[{"href":"https:\/\/parafiarzepiennik.pl\/index.php?rest_route=\/wp\/v2\/types\/page"}],"author":[{"embeddable":true,"href":"https:\/\/parafiarzepiennik.pl\/index.php?rest_route=\/wp\/v2\/users\/1"}],"replies":[{"embeddable":true,"href":"https:\/\/parafiarzepiennik.pl\/index.php?rest_route=%2Fwp%2Fv2%2Fcomments&post=1790"}],"version-history":[{"count":1,"href":"https:\/\/parafiarzepiennik.pl\/index.php?rest_route=\/wp\/v2\/pages\/1790\/revisions"}],"predecessor-version":[{"id":1791,"href":"https:\/\/parafiarzepiennik.pl\/index.php?rest_route=\/wp\/v2\/pages\/1790\/revisions\/1791"}],"wp:attachment":[{"href":"https:\/\/parafiarzepiennik.pl\/index.php?rest_route=%2Fwp%2Fv2%2Fmedia&parent=1790"}],"curies":[{"name":"wp","href":"https:\/\/api.w.org\/{rel}","templated":true}]}}