{"id":1786,"date":"2023-11-01T19:40:42","date_gmt":"2023-11-01T19:40:42","guid":{"rendered":"https:\/\/parafiarzepiennik.pl\/?page_id=1786"},"modified":"2023-11-01T19:40:42","modified_gmt":"2023-11-01T19:40:42","slug":"kaplica-pw-sw-brata-alberta-w-kolkowce","status":"publish","type":"page","link":"https:\/\/parafiarzepiennik.pl\/?page_id=1786","title":{"rendered":"Kaplica pw. \u015aw. Brata Alberta w Ko\u0142k\u00f3wce"},"content":{"rendered":"<div class=\"wp-block-image\">\n<figure class=\"aligncenter size-full\"><img decoding=\"async\" loading=\"lazy\" width=\"640\" height=\"428\" src=\"https:\/\/parafiarzepiennik.pl\/wp-content\/uploads\/2023\/11\/04.jpg\" alt=\"\" class=\"wp-image-1787\" srcset=\"https:\/\/parafiarzepiennik.pl\/wp-content\/uploads\/2023\/11\/04.jpg 640w, https:\/\/parafiarzepiennik.pl\/wp-content\/uploads\/2023\/11\/04-300x201.jpg 300w\" sizes=\"(max-width: 640px) 100vw, 640px\" \/><\/figure><\/div>\n\n\n<p>15 sierpnia 1986r. Pan Andrzej Gomu\u0142ka z Ko\u0142k\u00f3wki aktem notarialnym przekaza\u0142 nieodp\u0142atnie dzia\u0142k\u0119 o pow. 0,12 ha pod budow\u0119 budynku katechetycznego.<br>W tym czasie proboszczem by\u0142 Ks. Andrzej I\u017cyk. Jesieni\u0105 1986r. na dzia\u0142ce ustawiono du\u017cy krzy\u017c i po\u015bwi\u0119cono ten plac budowy. Powsta\u0142 komitet budowy, przewodnicz\u0105cym komitetu zosta\u0142 Boles\u0142aw Martyka z Ko\u0142k\u00f3wki. Odpowiedzialnymi i budowniczymi byli dwaj bracia z Olszyn Mieczys\u0142aw i Alfred Tumanowie. Budowa trwa\u0142a blisko 4 lata od 1988 do 1991r. W zwi\u0105zku ze zmian\u0105 ustroju religia wr\u00f3ci\u0142a do szk\u00f3\u0142. Po odej\u015bciu Ks. I\u017cyka nowym proboszczem zosta\u0142 Ks. Maciuszek. Mieszka\u0144cy zwr\u00f3cili si\u0119 z pro\u015bb\u0105 do \u00f3wczesnego proboszcza, aby ten budynek przystosowa\u0107 do odprawiania nabo\u017ce\u0144stw w niedziele i \u015bwi\u0119ta. Pierwsza Msza \u015bwi\u0119ta zosta\u0142a odprawiona w pierwszy pi\u0105tek grudnia 1991r. Siostry ze zgromadzenia \u015aw. Brata Alberta pochodz\u0105ce z Ko\u0142k\u00f3wki zaproponowa\u0142y, aby ten budynek po\u015bwi\u0119ci\u0107 \u015aw. Bratu Albertowi. Postara\u0142y si\u0119 o relikwie, kt\u00f3re w dniu 17 maja 1994r. wr\u0119czy\u0142 Ks. K. Trybule i przedstawicielom parafii Jego Eminencja Kardyna\u0142 Macharski.<br>W dniu 12 czerwca uroczystej procesji z ko\u015bcio\u0142a parafialnego przyniesiono je do kaplicy w Ko\u0142k\u00f3wce. W miar\u0119 mo\u017cliwo\u015bci mieszka\u0144cy dbaj\u0105 o wyposa\u017cenie i zewn\u0119trzny wygl\u0105d aby s\u0142u\u017cy\u0142a Bogu i ludziom. W roku 2005 pod\u0142ogi wy\u0142o\u017cono p\u0142ytkami i pomalowano \u015bciany . W 2006 roku zakupiono tabernakulum, du\u017cy krzy\u017c, obraz olejny patrona \u015aw. Brata Alberta, wieczn\u0105 lampk\u0119, figur\u0119 Matki Boskiej, obraz &#8222;Jezu ufam Tobie&#8221; i portret Jana Paw\u0142a II, gong, sygnaturki. W tym samym roku urz\u0105dzono tak\u017ce mini parking i chodnik.<\/p>\n","protected":false},"excerpt":{"rendered":"<p>15 sierpnia 1986r. Pan Andrzej Gomu\u0142ka z Ko\u0142k\u00f3wki aktem notarialnym przekaza\u0142 nieodp\u0142atnie dzia\u0142k\u0119 o pow. 0,12 ha [&hellip;]<\/p>\n","protected":false},"author":1,"featured_media":0,"parent":0,"menu_order":0,"comment_status":"closed","ping_status":"closed","template":"","meta":{"ngg_post_thumbnail":0},"_links":{"self":[{"href":"https:\/\/parafiarzepiennik.pl\/index.php?rest_route=\/wp\/v2\/pages\/1786"}],"collection":[{"href":"https:\/\/parafiarzepiennik.pl\/index.php?rest_route=\/wp\/v2\/pages"}],"about":[{"href":"https:\/\/parafiarzepiennik.pl\/index.php?rest_route=\/wp\/v2\/types\/page"}],"author":[{"embeddable":true,"href":"https:\/\/parafiarzepiennik.pl\/index.php?rest_route=\/wp\/v2\/users\/1"}],"replies":[{"embeddable":true,"href":"https:\/\/parafiarzepiennik.pl\/index.php?rest_route=%2Fwp%2Fv2%2Fcomments&post=1786"}],"version-history":[{"count":1,"href":"https:\/\/parafiarzepiennik.pl\/index.php?rest_route=\/wp\/v2\/pages\/1786\/revisions"}],"predecessor-version":[{"id":1788,"href":"https:\/\/parafiarzepiennik.pl\/index.php?rest_route=\/wp\/v2\/pages\/1786\/revisions\/1788"}],"wp:attachment":[{"href":"https:\/\/parafiarzepiennik.pl\/index.php?rest_route=%2Fwp%2Fv2%2Fmedia&parent=1786"}],"curies":[{"name":"wp","href":"https:\/\/api.w.org\/{rel}","templated":true}]}}