{"id":1783,"date":"2023-11-01T19:38:45","date_gmt":"2023-11-01T19:38:45","guid":{"rendered":"https:\/\/parafiarzepiennik.pl\/?page_id=1783"},"modified":"2023-11-01T19:39:22","modified_gmt":"2023-11-01T19:39:22","slug":"kosciolek-jana-chrzciciela","status":"publish","type":"page","link":"https:\/\/parafiarzepiennik.pl\/?page_id=1783","title":{"rendered":"Ko\u015bci\u00f3\u0142ek Jana Chrzciciela"},"content":{"rendered":"<div class=\"wp-block-image\">\n<figure class=\"aligncenter size-full\"><img decoding=\"async\" loading=\"lazy\" width=\"640\" height=\"428\" src=\"https:\/\/parafiarzepiennik.pl\/wp-content\/uploads\/2023\/11\/06.jpg\" alt=\"\" class=\"wp-image-1614\" srcset=\"https:\/\/parafiarzepiennik.pl\/wp-content\/uploads\/2023\/11\/06.jpg 640w, https:\/\/parafiarzepiennik.pl\/wp-content\/uploads\/2023\/11\/06-300x201.jpg 300w\" sizes=\"(max-width: 640px) 100vw, 640px\" \/><\/figure><\/div>\n\n\n<p>Ko\u015bci\u00f3\u0142 pomocniczy jednonawowy, konstrukcji zr\u0119bowej, wzniesiony pod koniec XV wieku nale\u017cy do najstarszych drewnianych ko\u015bcio\u0142\u00f3w Ma\u0142opolski. Stoi na wierzchowinie, gdzie prawdopodobnie znajdowa\u0142a si\u0119 pierwsza osada Nemsyno, na kt\u00f3rej gruntach w po\u0142owie XIV wieku ponownie lokowano Rzepiennik [Biskupi] jako wie\u015b ko\u015bcieln\u0105.<br>Ko\u015bci\u00f3\u0142ek jest pokryty gontami. W niskiej wie\u017cy z nadwieszon\u0105 izbic\u0105 znajduje si\u0119 dzwon. Wyst\u0119puj\u0105 charakterystyczne dla gotyckiego budownictwa drewnianego portale z nadpro\u017cami w kszta\u0142cie ,,o\u015blego grzbietu&#8221;. Wn\u0119trze ko\u015bci\u00f3\u0142ka nakryte stropem p\u0142askim.<br>Z dawnej polichromii zachowa\u0142y si\u0119 jedynie fragmenty pod ch\u00f3rem.<br>W ko\u015bci\u00f3\u0142ku znajduje si\u0119 p\u00f3\u017anorenesansowy o\u0142tarz g\u0142\u00f3wny z pocz\u0105tku XVII w. z obrazem Matki Bo\u017cej Niepokalanie Pocz\u0119tej z 1719r. Ponadto tryptyk gotycko-renesansowy z XVI wieku ze scenami z \u017cycia \u015bw. Miko\u0142aja i M\u0119ki Pa\u0144skiej oraz barokowy o\u0142tarz boczny z XVII w. z wizerunkiem \u015bw. Jana Chrzciciela. Na uwag\u0119 zas\u0142uguj\u0105 obrazy, w tym Ukrzy\u017cowanie Miletynskie oraz rze\u017aby z r\u00f3\u017cnych epok.<br>Pi\u0119kno architektury ko\u015bcio\u0142\u00f3w mo\u017cna podziwia\u0107 r\u00f3wnie\u017c noc\u0105 dzi\u0119ki zewn\u0119trznej iluminacji.<\/p>\n","protected":false},"excerpt":{"rendered":"<p>Ko\u015bci\u00f3\u0142 pomocniczy jednonawowy, konstrukcji zr\u0119bowej, wzniesiony pod koniec XV wieku nale\u017cy do najstarszych drewnianych ko\u015bcio\u0142\u00f3w Ma\u0142opolski. Stoi [&hellip;]<\/p>\n","protected":false},"author":1,"featured_media":0,"parent":0,"menu_order":0,"comment_status":"closed","ping_status":"closed","template":"","meta":{"ngg_post_thumbnail":0},"_links":{"self":[{"href":"https:\/\/parafiarzepiennik.pl\/index.php?rest_route=\/wp\/v2\/pages\/1783"}],"collection":[{"href":"https:\/\/parafiarzepiennik.pl\/index.php?rest_route=\/wp\/v2\/pages"}],"about":[{"href":"https:\/\/parafiarzepiennik.pl\/index.php?rest_route=\/wp\/v2\/types\/page"}],"author":[{"embeddable":true,"href":"https:\/\/parafiarzepiennik.pl\/index.php?rest_route=\/wp\/v2\/users\/1"}],"replies":[{"embeddable":true,"href":"https:\/\/parafiarzepiennik.pl\/index.php?rest_route=%2Fwp%2Fv2%2Fcomments&post=1783"}],"version-history":[{"count":1,"href":"https:\/\/parafiarzepiennik.pl\/index.php?rest_route=\/wp\/v2\/pages\/1783\/revisions"}],"predecessor-version":[{"id":1784,"href":"https:\/\/parafiarzepiennik.pl\/index.php?rest_route=\/wp\/v2\/pages\/1783\/revisions\/1784"}],"wp:attachment":[{"href":"https:\/\/parafiarzepiennik.pl\/index.php?rest_route=%2Fwp%2Fv2%2Fmedia&parent=1783"}],"curies":[{"name":"wp","href":"https:\/\/api.w.org\/{rel}","templated":true}]}}