{"id":1780,"date":"2023-11-01T19:36:24","date_gmt":"2023-11-01T19:36:24","guid":{"rendered":"https:\/\/parafiarzepiennik.pl\/?page_id=1780"},"modified":"2023-11-01T19:36:24","modified_gmt":"2023-11-01T19:36:24","slug":"kosciol-parafialny","status":"publish","type":"page","link":"https:\/\/parafiarzepiennik.pl\/?page_id=1780","title":{"rendered":"Ko\u015bci\u00f3\u0142 parafialny"},"content":{"rendered":"<div class=\"wp-block-image\">\n<figure class=\"aligncenter size-full\"><img decoding=\"async\" loading=\"lazy\" width=\"640\" height=\"425\" src=\"https:\/\/parafiarzepiennik.pl\/wp-content\/uploads\/2023\/11\/08.jpg\" alt=\"\" class=\"wp-image-1615\" srcset=\"https:\/\/parafiarzepiennik.pl\/wp-content\/uploads\/2023\/11\/08.jpg 640w, https:\/\/parafiarzepiennik.pl\/wp-content\/uploads\/2023\/11\/08-300x199.jpg 300w, https:\/\/parafiarzepiennik.pl\/wp-content\/uploads\/2023\/11\/08-589x392.jpg 589w\" sizes=\"(max-width: 640px) 100vw, 640px\" \/><\/figure><\/div>\n\n\n<p>W latach 1856 &#8211; 1864 zosta\u0142 wzniesiony, obok ko\u015bcio\u0142a \u015bw. Klemensa, ko\u015bci\u00f3\u0142 pw. Wniebowzi\u0119cia Naj\u015bwi\u0119tszej Maryi Panny, kt\u00f3ry do dzi\u015b pe\u0142ni funkcj\u0119 ko\u015bcio\u0142a parafialnego w Rzepienniku Biskupim.<br>Budowniczym ko\u015bcio\u0142a i jego fundatorem by\u0142 ks. kanonik J\u00f3zef Ciurkiewicz &#8211; \u00f3wczesny proboszcz. Budow\u0119 wspomogli Ksawera i Adam Szo\u0142ayscy, kt\u00f3rzy ofiarowali drzewo do ca\u0142ej budowy ko\u015bcio\u0142a oraz parafianie. Konsekracja ko\u015bcio\u0142a odby\u0142a si\u0119 3 lipca 1904 roku. Dokona\u0142 jej ks. biskup sufragan przemyski Karol Fischer. Ko\u015bci\u00f3\u0142, zwany &#8222;wiejsk\u0105 katedr\u0105&#8221; zaprojektowa\u0142 krakowski architekt Antoni Stacherski. Ko\u015bci\u00f3\u0142 jest orientowany, wzniesiony na planie krzy\u017ca, a jego bry\u0142a sk\u0142ada si\u0119 z korpusu g\u0142\u00f3wnego, transeptu, dw\u00f3ch wie\u017c i dw\u00f3ch przybud\u00f3wek. Zbudowany jest w stylu neogotyckim nawi\u0105zuj\u0105cym do francuskich katedr. Budynek ko\u015bcio\u0142a murowany z czerwonej ceg\u0142y z dodatkiem kamieni nie tynkowany, pokryty blach\u0105, tr\u00f3jnawowy, bazylikowy. Wyposa\u017cenie ko\u015bcio\u0142a pochodzi z prze\u0142omu XIX i XX w. Neogotyckie wn\u0119trze ko\u015bcio\u0142a w latach 1911 &#8211; 1912 pokryto modernistyczn\u0105 polichromi\u0105 wykonan\u0105 przez Jana Bulasa &#8211; ucznia Stanis\u0142awa Wyspia\u0144skiego. Podstawowym motywem s\u0105 kwiaty; pospolicie rosn\u0105ce maki, osty, b\u0142awaty, lilie, nasturcje.<br>Nad przedsionkiem g\u0142\u00f3wnego wej\u015bcia mie\u015bci si\u0119 masywny ch\u00f3r muzyczny, na kt\u00f3rym w 1966 roku zbudowano organy.<br>Na pocz\u0105tku XIX wieku, staraniem \u00f3wczesnego kolatora i dziedzica d\u00f3br rzepiennickich plac przyko\u015bcielny zosta\u0142 otoczony parkanem. Po latach parkan zniszcza\u0142 i zasz\u0142a potrzeba budowy nowego. Prac\u0119 rozpocz\u0119to w 1914 r. jednak pierwsza wojna \u015bwiatowa przerwa\u0142a je. Budow\u0119 parkanu wznowiono w 1953 r. a zako\u0144czono w 1955 r. W rok przed uko\u0144czeniem prac w obwodzie ogrodzenia wybudowano kapliczk\u0119 &#8211; grot\u0119 ku czci Niepokalanego Pocz\u0119cia NMP. Natomiast na placu ko\u015bcielnym znajduje si\u0119 figura NMP Niepokalanie Pocz\u0119tej postawiona w 1882 r. na miejscu kaplicy grobowej Szo\u0142ayskich, z epitafium Szo\u0142ayskich i ks. Klemensa Schorella. Na wie\u017cy ko\u015bcielnej dzwon z 1581 r. Przed g\u0142\u00f3wnym wej\u015bciem pos\u0105gi \u015bw. Piotra i \u015bw. Paw\u0142a &#8211; dzie\u0142a krakowskiego artysty Piotra Kozakiewicza.<br>Ko\u015bci\u00f3\u0142 zachwyca architektur\u0105, wewn\u0105trz pi\u0119knie zdobion\u0105 polichromi\u0105 i kolorowymi witra\u017cami, kt\u00f3re przedstawiaj\u0105 osoby i miejsca \u015bwi\u0119te. Warto r\u00f3wnie\u017c zwr\u00f3ci\u0107 uwag\u0119 na o\u0142tarze, ambon\u0119 i chrzcielnic\u0119. O\u0142tarz g\u0142\u00f3wny, w formie tryptyku, w centrum posiada p\u0142askorze\u017ab\u0119 Matki Bo\u017cej Wniebowzi\u0119tej w otoczeniu dw\u00f3ch anio\u0142\u00f3w. Skrzyd\u0142a tryptyku podzielone na sze\u015b\u0107 kwater ka\u017cde, a w nich p\u0142askorze\u017aby przedstawiaj\u0105ce sceny z \u017cycia Matki Bo\u017cej. W zwie\u0144czeniu nadstawy znajduje si\u0119 krzy\u017c i osiem figur \u015bwi\u0119tych. W o\u0142tarzu znajduje si\u0119 srebrne tabernakulum wykonane w 1942 r w Krakowie.<br>W o\u0142tarzu bocznym po lewej stronie nawy, w \u015brodkowym polu umieszczony jest obraz Matki Boskiej z Dzieci\u0105tkiem, zwanej &#8222;Rzepiennick\u0105&#8221;. Jest to barokowy obraz z XVII wieku w z\u0142oconej, drewnianej sukience. Dzie\u0142o to znane jest r\u00f3wnie\u017c jako obraz Matki Boskiej \u015anie\u017cnej \u0141askami S\u0142yn\u0105cy, pochodz\u0105cy z poprzedniego ko\u015bcio\u0142a \u015bw. Klemensa.<br>O\u0142tarz boczny prawy w nadstawie ma rze\u017ab\u0119 Naj\u015bwi\u0119tszego Serca Pana Jezusa a po bokach postacie biskup\u00f3w: \u015bw. Stanis\u0142awa Szczepanowskiego i \u015bw. Wojciecha, natomiast w szczycie umieszczona jest rze\u017aba przedstawiaj\u0105ca \u015bw. J\u00f3zefa z dzieci\u0105tkiem. Rze\u017aby z prawego o\u0142tarza wykonane zosta\u0142y w tyrolskich pracowniach w latach 1880-1912.<br>Warto r\u00f3wnie\u017c zwr\u00f3ci\u0107 uwag\u0119 na Stacje M\u0119ki Pa\u0144skiej powieszone na \u015bcianach nawach bocznych. Wykonane by\u0142y w Wiedniu i zakupione w 1908 r. Dzi\u015b dwukrotnie odnowione ja\u015bniej\u0105 swym blaskiem. W ko\u015bciele znajduj\u0105. sie te\u017c epitafia po\u015bwiecone pami\u0119ci fundatora ko\u015bcio\u0142a ks. Jozefa Ciurkiewicza oraz w\u0142a\u015bcicieli Rzepiennika Biskupiego i Strzy\u017cewskiego rodziny Szo\u0142ayskich. Ponadto tablica pami\u0105tkowa po\u015bwi\u0119cona poleg\u0142ym w D\u0105brach \u017co\u0142nierzom Armii Krajowej.<\/p>\n","protected":false},"excerpt":{"rendered":"<p>W latach 1856 &#8211; 1864 zosta\u0142 wzniesiony, obok ko\u015bcio\u0142a \u015bw. Klemensa, ko\u015bci\u00f3\u0142 pw. Wniebowzi\u0119cia Naj\u015bwi\u0119tszej Maryi Panny, [&hellip;]<\/p>\n","protected":false},"author":1,"featured_media":0,"parent":0,"menu_order":0,"comment_status":"closed","ping_status":"closed","template":"","meta":{"ngg_post_thumbnail":0},"_links":{"self":[{"href":"https:\/\/parafiarzepiennik.pl\/index.php?rest_route=\/wp\/v2\/pages\/1780"}],"collection":[{"href":"https:\/\/parafiarzepiennik.pl\/index.php?rest_route=\/wp\/v2\/pages"}],"about":[{"href":"https:\/\/parafiarzepiennik.pl\/index.php?rest_route=\/wp\/v2\/types\/page"}],"author":[{"embeddable":true,"href":"https:\/\/parafiarzepiennik.pl\/index.php?rest_route=\/wp\/v2\/users\/1"}],"replies":[{"embeddable":true,"href":"https:\/\/parafiarzepiennik.pl\/index.php?rest_route=%2Fwp%2Fv2%2Fcomments&post=1780"}],"version-history":[{"count":1,"href":"https:\/\/parafiarzepiennik.pl\/index.php?rest_route=\/wp\/v2\/pages\/1780\/revisions"}],"predecessor-version":[{"id":1781,"href":"https:\/\/parafiarzepiennik.pl\/index.php?rest_route=\/wp\/v2\/pages\/1780\/revisions\/1781"}],"wp:attachment":[{"href":"https:\/\/parafiarzepiennik.pl\/index.php?rest_route=%2Fwp%2Fv2%2Fmedia&parent=1780"}],"curies":[{"name":"wp","href":"https:\/\/api.w.org\/{rel}","templated":true}]}}