{"id":1777,"date":"2023-11-01T19:33:13","date_gmt":"2023-11-01T19:33:13","guid":{"rendered":"https:\/\/parafiarzepiennik.pl\/?page_id=1777"},"modified":"2023-11-01T19:33:13","modified_gmt":"2023-11-01T19:33:13","slug":"o-parafii","status":"publish","type":"page","link":"https:\/\/parafiarzepiennik.pl\/?page_id=1777","title":{"rendered":"O parafii"},"content":{"rendered":"\n<p><strong>Parafia w Rzepienniku Biskupim!<\/strong><\/p>\n\n\n\n<p>&nbsp; Powsta\u0142a w XIV w., jednak nie zachowa\u0142 si\u0119 dokument erekcyjny. Pierwsza wzmianka o parafii pochodzi z aktu lokacyjnego Rzepiennika zwanego Wy\u017cszym (dzi\u015b: Strzy\u017cewskim) wydanego 2 styczna 1347 r. na zamku w Krakowie. W dokumencie z 1358 r. znajduje si\u0119 wiadomo\u015b\u0107 o erekcji parafii przez biskupa Bodzantego. Natomiast Jan D\u0142ugosz przed 1480 r. pisze, \u017ce parafia posiada\u0142a drewniany ko\u015bci\u00f3\u0142 pw. \u015bw. Klemensa. Podaje jego uposa\u017cenie (dziewi\u0119\u0107 \u0142an\u00f3w kmiecych, karczma, m\u0142yn i role biskupie) Posadowiony by\u0142 na wzg\u00f3rzu na kt\u00f3rym stoi dzisiaj ko\u015bci\u00f3\u0142 parafialny. (Rozebrany po wybudowaniu obecnego). W sk\u0142ad parafii wchodzi\u0142y nast\u0119puj\u0105ce wsie: Rzepiennik (Biskupi) i Ko\u0142k\u00f3wka &#8211; jako w\u0142asno\u015b\u0107 parafii oraz wsie kr\u00f3lewskie: Rzepiennik Strzy\u017cewski, Rzepiennik Marciszewski, Rzepiennik Suchy, Jod\u0142\u00f3wka Tuchowska, Nosalowa i Koz\u0142\u00f3wki.<br>&nbsp; Po roku 1480 zosta\u0142 zbudowany ko\u015bci\u00f3\u0142ek \u015awi\u0119tego Jana Chrzciciela, mimo \u017ce znajdowa\u0142 si\u0119 przy nim cmentarz, nie ma pewno\u015bci, czy kiedykolwiek by\u0142 ko\u015bcio\u0142em parafialnym. Parafia w pocz\u0105tkowych swych dziejach nale\u017ca\u0142a do diecezji krakowskiej, w XV wielu do dekanatu bobowskiego. W latach 1786-1807 wesz\u0142a w sk\u0142ad diecezji tarnowskiej, do dekanatu bieckiego. Od 1807 do 1925 zosta\u0142a w\u0142\u0105czona do diecezji przemyskiej, a od 1925 roku wr\u00f3ci\u0142a do diecezji tarnowskiej &#8211; i tak jest do dzi\u015b. Parafia by\u0142a rozleg\u0142a dlatego dokonano trzech jej podzia\u0142\u00f3w.<br>&nbsp; Pierwszy podzia\u0142 mia\u0142 miejsce w 1840, kiedy to uko\u0144czone sukcesem starania mieszka\u0144c\u00f3w Jod\u0142\u00f3wki Tuchowskiej, Koz\u0142\u00f3wek i Nosalowej doprowadzi\u0142y do utworzenia w Jod\u0142\u00f3wce kapelanii a nast\u0119pnie parafii pw. \u015bw. Micha\u0142a Archanio\u0142a. Drugi podzia\u0142 nast\u0105pi\u0142 w 1972 wraz z utworzeniem parafii pw. Mi\u0142osierdzia Bo\u017cego w Rzepienniku Strzy\u017cewskim, kt\u00f3ra obejmowa\u0142a r\u00f3wnie\u017c cze\u015b\u0107 Rzepiennika Marciszewskiego. Trzeci podzia\u0142 parafii mia\u0142 miejsce 31 III 1982 r. kiedy to erygowano parafi\u0119 NMP Kr\u00f3lowej Polski w Rzepienniku Suchym.<\/p>\n\n\n\n<p><strong>Sto czterdzie\u015bci lat temu pisano<br>o tym, jak ma\u0142y J\u00f3zio zosta\u0142 ksi\u0119dzem i zbudowa\u0142 ko\u015bci\u00f3\u0142 &#8211; ludowi ku nauce<\/strong><\/p>\n\n\n\n<p><br>Niedaleko od Gorlic i Biecza le\u017cy wie\u015b Rzepiennik, dlatego nazwana biskupi\u0105, \u017ce w dawnych czasach nale\u017ca\u0142a do biskup\u00f3w w Krakowie dla ich utrzymania. W tej wsi by\u0142 starodawny ko\u015bci\u00f3\u0142 drewniany, fundowany jeszcze od bisku\u00adpa krakowskiego, Bodzant\u0105 zwanego, a bardzo pobo\u017cnego, kt\u00f3ry by\u0142 biskupem od roku 1382 do 1389, a wi\u0119c ca\u0142e 7 lat, za kr\u00f3l\u00f3w polskich: Ludwika i Jagie\u0142\u0142y W\u0142adys\u0142awa, co to si\u0119 sam chrzci\u0142 w Krakowie, a potem ze swoj\u0105 pobo\u017cn\u0105 \u017con\u0105, kr\u00f3low\u0105 Jadwig\u0105 ca\u0142\u0105 prawie Litw\u0119 nawr\u00f3ci\u0142 do nauki p. Jezusa. Ko\u015bci\u00f3\u0142 wi\u0119c drewniany sta\u0142 w Rzepienniku Biskupim od roku 1385 do 1842, a wi\u0119c 500 lat prawie.<br>Jak wszystko na tym \u015bwiecie zmienia si\u0119, pr\u00f3cz Boga, kt\u00f3ry niezmienny i zawsze jeden i ten sam, tak te\u017c i ko\u015bci\u00f3\u0142 drewniany w Rzepienniku Biskupim zestarza\u0142 si\u0119, a cho\u0107 by\u0142 nieraz z pobo\u017cnych ofiar naprawiany, by\u0142by z czasem upad\u0142.<br>Na miejscu tego drewnianego i starego ko\u015bcio\u0142a stan\u0105\u0142 w roku 1865 nowy murowany!<br>Ten nowo wymurowany ko\u015bci\u00f3\u0142 jest najpi\u0119kniejszym na ca\u0142\u0105 okolic\u0119 mi\u0119dzy S\u0105czem, Tarnowem, Bieczem i Dukl\u0105 i jest taki, \u017ce m\u00f3g\u0142by sta\u0107 w ka\u017cdym wielkim mie\u015bcie. Ma dwie wie\u017ce i trzy s\u0105 wchody do niego.<br>Dawniej fundowali bogaci biskupi, lub panowie ko\u015bcio\u0142y takie, a ten ko\u015bci\u00f3\u0142 w Rzepienniku fundowa\u0142 miejscowy proboszcz X. J\u00f3zef Ciurkiewicz.<br>Urodzi\u0142 on si\u0119 w miasteczku Dubiecku roku 1803. Ojciec jego ubogi mieszczanin i rzemie\u015blnik Jan Ciurkiewicz, a matka Anna, oboje za\u015b pracowici i nabo\u017cni. Gdy im ma\u0142y J\u00f3zio podr\u00f3s\u0142, pos\u0142ali go w miejscu do szko\u0142y, kt\u00f3ra jednak nie by\u0142a bardzo dobr\u0105 i dlatego musia\u0142 j\u0105 ma\u0142y J\u00f3zio po\u00adrzuci\u0107. Ale dobrzy i dbali rodzice zawie\u017ali go do Przemy\u015bla do szko\u0142y, co mogli to pomagali, a reszt\u0119 zarabia\u0142 sobie na \u017cycie sam m\u0142ody szkolarz J\u00f3zef i z bied\u0105 wielk\u0105, o g\u0142odzie i o ch\u0142odzie szko\u0142y poko\u0144czy\u0142 i zosta\u0142 ksi\u0119dzem na wielk\u0105 pociech\u0119 swoich krewnych. Dopomagali mu te\u017c w szko\u0142ach dobrzy ludzie tak nauczyciele jak ksi\u0119\u017ca, a reszt\u0119 dokona\u0142 on swoj\u0105 w\u0142asn\u0105 prac\u0105, bo uczy\u0142 si\u0119 i sprawowa\u0142 bardzo dobrze, w ko\u0144cu pob\u0142ogos\u0142awi\u0142 B\u00f3g i wszystko niedobre i przykre w \u017cyciu wysz\u0142o na dobre i szcz\u0119\u015bcie i chwa\u0142\u0119 Bo\u017c\u0105.<br>W r. 1837 zosta\u0142 on proboszczem w Rzepienniku Bi\u00adskupim. Zasta\u0142 wi\u0119c w swej parafii ko\u015bci\u00f3\u0142 stary drewniany, wal\u0105cy si\u0119, ten sam o kt\u00f3rym na pocz\u0105tku ju\u017c pisali\u015bmy.<br>M\u00f3wi\u0105 dobrzy ludzie tak:<br><em>Tylko z ochot<\/em><em>\u0105 do ka\u017cdej pracy niebo\u017c\u0119 &#8211;<\/em><br><em>Aprobuj i wytrwaj cho<\/em><em>\u0107by z przykro\u015bci\u0105;<\/em><br><em>A w ko<\/em><em>\u0144cu B\u00f3g ci we wszystkim dopomo\u017ce<\/em><br><em>I zap<\/em><em>\u0142aci ci wszystko z sprawiedliwo\u015bci\u0105.<\/em><br>Tej te\u017c \u015bwi\u0119tej prawdy j\u0105\u0142 si\u0119 cia\u0142em i dusz\u0105 ks. Ciur\u00adkiewicz, my\u015bla\u0142, duma\u0142, po nocach nie spa\u0142, tylko rachowa\u0142 i gor\u0105co Boga o pomoc prosi\u0142. Niebawem zacz\u0105\u0142 zwozi\u0107 kamienie, kaza\u0142 ugasi\u0107 wapno, a co niedziela wzywa\u0142 parafian do sk\u0142adki; swoje dochody sk\u0142ada\u0142 do skrzynki i tak przez 20 lat my\u015bla\u0142 i my\u015bla\u0142 i robi\u0142 co rok, co by\u0142o mo\u017cna, a B\u00f3g mu dawa\u0142 zdrowie, ochot\u0119 do roboty, pomagali mu i ludzie dobrzy, a\u017c w ko\u0144cu wyprosi\u0142 \u0142zami, modlitwami tyle ofiar i sk\u0142adek, \u017ce stan\u0105\u0142 ko\u015bci\u00f3\u0142 taki, jakiego nie mia\u0142a ta jego parafia i jakiego nie by\u0142o i nie ma na ca\u0142\u0105 okolic\u0119 w \u017cadnej parafii, a kto wie czyby podyba\u0142 gdzie podobny ko\u015bci\u00f3\u0142 we wszystkich wsiach ca\u0142ej polskiej Galicji.<br>Gdy po 20 latach stan\u0105\u0142 ko\u015bci\u00f3\u0142, zosta\u0142 te\u017c po\u015bwi\u0119cony i w dzie\u0144 Matki Boskiej Wniebowzi\u0119cia r. 1865 odprawi\u0142 ks. Ciurkiewicz pierwsze nabo\u017ce\u0144stwo w nim wobec tysi\u0105ca ludu zgromadzonego razem z ksi\u0119\u017cmi, panami a w czasie nabo\u017ce\u0144stwa podzi\u0119kowa\u0142 ze \u0142zami naprz\u00f3d Bogu za b\u0142o\u00adgos\u0142awie\u0144stwo, potem swoim parafianom za ofiary i pomoc dan\u0105 przy zwo\u017ceniu kamieni, drzewa i stawianiu ko\u015bcio\u0142a, a co parafianie za darmo i ochotnie robili; w ko\u0144cu po\u00addzi\u0119kowa\u0142 wszystkim dobrodziejom bliskim i dalekim za ofiary. O\u0142tarz wielki ma obraz Wniebowzi\u0119cia, jest \u015blicznie i kosztownie z\u0142ocony, stosownie do budowy ko\u015bcio\u0142a.<br>A wy, co czytacie, uczcie si\u0119 z tego, jak to na tym \u015bwiecie idzie wszystko dobrze za ochot\u0105 i prac\u0105 poczciw\u0105, jak to B\u00f3g b\u0142ogos\u0142awi ka\u017cdego, kto my\u015bli o dokonaniu dobrego, jak to mo\u017cna i ko\u015bcio\u0142y fundowa\u0107, gdzie ludzie maj\u0105 Boga w sercu i ochotni s\u0105 do ofiar wed\u0142ug stanu i mo\u017cliwo\u015bci, jak to po male\u0144ku i powole\u0144ku, a przy zgodzie i mi\u0142o\u015bci, przychodz\u0105 ludzie i do maj\u0105tku i mog\u0105 zrobi\u0107 du\u017co dla chwa\u0142y Bo\u017cej i potomno\u015bci.<\/p>\n\n\n\n<p><br><em>Ks. Wojciech [Michna] z Zaleszan<\/em><\/p>\n\n\n\n<p><br><em>Od redakcji<\/em><br><em>Powy<\/em><em>\u017csze opowiadanie pochodzi z pisma &#8222;Chata&#8221; &#8211; Czasopisma ludowego wydawanego ku nauce. Tom III, 20 marca 1871, nr 8, zachowuj\u0105c oryginaln\u0105 pisowni\u0119. W tamtych latach r\u00f3\u017cne czasopisma rozpisywa\u0142y si\u0119 o budowie ko\u015bcio\u0142a w Rzepienniku podaj\u0105c innym dla przyk\u0142adu dzie\u0142o ksi\u0119dza Ciurkiewicza i jego parafian.<\/em> Artyku\u0142 zaczerpni\u0119ty z biuletynu parafialnego &#8222;OSTOJA&#8221; Nr 28.<\/p>\n","protected":false},"excerpt":{"rendered":"<p>Parafia w Rzepienniku Biskupim! &nbsp; Powsta\u0142a w XIV w., jednak nie zachowa\u0142 si\u0119 dokument erekcyjny. Pierwsza wzmianka [&hellip;]<\/p>\n","protected":false},"author":1,"featured_media":0,"parent":0,"menu_order":0,"comment_status":"closed","ping_status":"closed","template":"","meta":{"ngg_post_thumbnail":0},"_links":{"self":[{"href":"https:\/\/parafiarzepiennik.pl\/index.php?rest_route=\/wp\/v2\/pages\/1777"}],"collection":[{"href":"https:\/\/parafiarzepiennik.pl\/index.php?rest_route=\/wp\/v2\/pages"}],"about":[{"href":"https:\/\/parafiarzepiennik.pl\/index.php?rest_route=\/wp\/v2\/types\/page"}],"author":[{"embeddable":true,"href":"https:\/\/parafiarzepiennik.pl\/index.php?rest_route=\/wp\/v2\/users\/1"}],"replies":[{"embeddable":true,"href":"https:\/\/parafiarzepiennik.pl\/index.php?rest_route=%2Fwp%2Fv2%2Fcomments&post=1777"}],"version-history":[{"count":1,"href":"https:\/\/parafiarzepiennik.pl\/index.php?rest_route=\/wp\/v2\/pages\/1777\/revisions"}],"predecessor-version":[{"id":1778,"href":"https:\/\/parafiarzepiennik.pl\/index.php?rest_route=\/wp\/v2\/pages\/1777\/revisions\/1778"}],"wp:attachment":[{"href":"https:\/\/parafiarzepiennik.pl\/index.php?rest_route=%2Fwp%2Fv2%2Fmedia&parent=1777"}],"curies":[{"name":"wp","href":"https:\/\/api.w.org\/{rel}","templated":true}]}}