{"id":1653,"date":"2023-11-01T18:59:46","date_gmt":"2023-11-01T18:59:46","guid":{"rendered":"https:\/\/parafiarzepiennik.pl\/?page_id=1653"},"modified":"2024-05-10T07:47:36","modified_gmt":"2024-05-10T07:47:36","slug":"siostry-zakonne","status":"publish","type":"page","link":"https:\/\/parafiarzepiennik.pl\/?page_id=1653","title":{"rendered":"Siostry zakonne:"},"content":{"rendered":"\n<p>S. Maria Michaela R\u0105pa\u0142a S\u0142. NMP NP &#8211; Zag\u00f3rz<br>S. Januraia Broto\u0144 CMBB &#8211; Zakopane<br>S. Leona S\u0142owik SAPU &#8211; Przemy\u015bl<br>S. Janina S\u0142owik SAPU &#8211; Kielce<br>S. Maria Dziuban S\u0142. NMP NP &#8211; USA<br>S. Ma\u0142gorzata Wr\u00f3bel SAPU &#8211; Tarn\u00f3w<br>S. Renata Gogola SAC &#8211; Bobolice<\/p>\n","protected":false},"excerpt":{"rendered":"<p>S. Maria Michaela R\u0105pa\u0142a S\u0142. NMP NP &#8211; Zag\u00f3rzS. Januraia Broto\u0144 CMBB &#8211; ZakopaneS. Leona S\u0142owik SAPU [&hellip;]<\/p>\n","protected":false},"author":1,"featured_media":0,"parent":0,"menu_order":0,"comment_status":"closed","ping_status":"closed","template":"","meta":{"ngg_post_thumbnail":0},"_links":{"self":[{"href":"https:\/\/parafiarzepiennik.pl\/index.php?rest_route=\/wp\/v2\/pages\/1653"}],"collection":[{"href":"https:\/\/parafiarzepiennik.pl\/index.php?rest_route=\/wp\/v2\/pages"}],"about":[{"href":"https:\/\/parafiarzepiennik.pl\/index.php?rest_route=\/wp\/v2\/types\/page"}],"author":[{"embeddable":true,"href":"https:\/\/parafiarzepiennik.pl\/index.php?rest_route=\/wp\/v2\/users\/1"}],"replies":[{"embeddable":true,"href":"https:\/\/parafiarzepiennik.pl\/index.php?rest_route=%2Fwp%2Fv2%2Fcomments&post=1653"}],"version-history":[{"count":2,"href":"https:\/\/parafiarzepiennik.pl\/index.php?rest_route=\/wp\/v2\/pages\/1653\/revisions"}],"predecessor-version":[{"id":3033,"href":"https:\/\/parafiarzepiennik.pl\/index.php?rest_route=\/wp\/v2\/pages\/1653\/revisions\/3033"}],"wp:attachment":[{"href":"https:\/\/parafiarzepiennik.pl\/index.php?rest_route=%2Fwp%2Fv2%2Fmedia&parent=1653"}],"curies":[{"name":"wp","href":"https:\/\/api.w.org\/{rel}","templated":true}]}}