{"id":1651,"date":"2023-11-01T18:59:17","date_gmt":"2023-11-01T18:59:17","guid":{"rendered":"https:\/\/parafiarzepiennik.pl\/?page_id=1651"},"modified":"2025-11-16T16:03:57","modified_gmt":"2025-11-16T16:03:57","slug":"kaplani","status":"publish","type":"page","link":"https:\/\/parafiarzepiennik.pl\/?page_id=1651","title":{"rendered":"Kap\u0142ani:"},"content":{"rendered":"\n<p><br>\u00a0\u00a0Ks. Edward Szyma\u0144ski (1940, 1965) -Tr\u0105bki Wielkie, archidiec. gda\u0144ska<br>\u00a0\u00a0Ks. W\u0142adys\u0142aw Szczerba (1950, 1974) &#8211; Polna<br>\u00a0\u00a0Ks. Edward Sopala (1950, 1978) Puszczykowo<br>\u00a0\u00a0O. W\u0142adys\u0142aw Wiktorek <a href=\"https:\/\/pl-pl.facebook.com\/pages\/Washington-New-Jersey\/108001662554693\"><\/a>CSRS (1955,1981)Washington, New Jersey USA<br>\u00a0\u00a0Ks. Bp Leszek Leszkiewicz (1970, 1996) &#8211; Tarn\u00f3w<br>\u00a0\u00a0Ks. dr Jan Hadalski TChr (1972-,1999) &#8211; Goleni\u00f3w<br>\u00a0\u00a0Ks. Tadeusz Be\u015bciak SAC (-, 2000) &#8211; Cz\u0119stochowa<br>\u00a0\u00a0Ks. Szczepan S\u0142owik (- 2005) &#8211; \u0141abowa<br>\u00a0\u00a0Ks. Wojciech Smoszna (-, 2010)- Wojakowa\u00a0<br>\u00a0 Ks. Tomasz S\u0142owik (- 2010)- Niemcy PMK Hanower<br>\u00a0\u00a0Ks. Damian Martyka (- 2017) Gdynia Ma\u0142y Kack<\/p>\n","protected":false},"excerpt":{"rendered":"<p>\u00a0\u00a0Ks. Edward Szyma\u0144ski (1940, 1965) -Tr\u0105bki Wielkie, archidiec. gda\u0144ska\u00a0\u00a0Ks. W\u0142adys\u0142aw Szczerba (1950, 1974) &#8211; Polna\u00a0\u00a0Ks. Edward Sopala [&hellip;]<\/p>\n","protected":false},"author":1,"featured_media":0,"parent":0,"menu_order":0,"comment_status":"closed","ping_status":"closed","template":"","meta":{"ngg_post_thumbnail":0},"_links":{"self":[{"href":"https:\/\/parafiarzepiennik.pl\/index.php?rest_route=\/wp\/v2\/pages\/1651"}],"collection":[{"href":"https:\/\/parafiarzepiennik.pl\/index.php?rest_route=\/wp\/v2\/pages"}],"about":[{"href":"https:\/\/parafiarzepiennik.pl\/index.php?rest_route=\/wp\/v2\/types\/page"}],"author":[{"embeddable":true,"href":"https:\/\/parafiarzepiennik.pl\/index.php?rest_route=\/wp\/v2\/users\/1"}],"replies":[{"embeddable":true,"href":"https:\/\/parafiarzepiennik.pl\/index.php?rest_route=%2Fwp%2Fv2%2Fcomments&post=1651"}],"version-history":[{"count":9,"href":"https:\/\/parafiarzepiennik.pl\/index.php?rest_route=\/wp\/v2\/pages\/1651\/revisions"}],"predecessor-version":[{"id":4192,"href":"https:\/\/parafiarzepiennik.pl\/index.php?rest_route=\/wp\/v2\/pages\/1651\/revisions\/4192"}],"wp:attachment":[{"href":"https:\/\/parafiarzepiennik.pl\/index.php?rest_route=%2Fwp%2Fv2%2Fmedia&parent=1651"}],"curies":[{"name":"wp","href":"https:\/\/api.w.org\/{rel}","templated":true}]}}